{"id":9122,"date":"2025-09-09T08:55:52","date_gmt":"2025-09-09T08:55:52","guid":{"rendered":"https:\/\/www.visualgest.com\/?page_id=9122"},"modified":"2025-09-09T10:22:51","modified_gmt":"2025-09-09T10:22:51","slug":"declaracion-de-responsabilidad-verifactu","status":"publish","type":"page","link":"https:\/\/www.visualgest.com\/en\/declaracion-de-responsabilidad-verifactu\/","title":{"rendered":"Declaraci\u00f3n de responsabilidad VeriFactu"},"content":{"rendered":"<p>[et_pb_section fb_built=\u00bb1&#8243; admin_label=\u00bbHeader\u00bb _builder_version=\u00bb4.19.2&#8243; _module_preset=\u00bbdefault\u00bb overflow-x=\u00bbhidden\u00bb overflow-y=\u00bbhidden\u00bb custom_padding=\u00bb||0px||false|false\u00bb collapsed=\u00bbon\u00bb global_colors_info=\u00bb{}\u00bb][et_pb_row _builder_version=\u00bb4.27.4&#8243; _module_preset=\u00bbdefault\u00bb custom_padding=\u00bb||0px|||\u00bb global_colors_info=\u00bb{}\u00bb][et_pb_column type=\u00bb4_4&#8243; _builder_version=\u00bb4.19.0&#8243; _module_preset=\u00bbdefault\u00bb custom_padding_tablet=\u00bb||30px||false|false\u00bb custom_padding_phone=\u00bb||30px||false|false\u00bb custom_padding_last_edited=\u00bbon|tablet\u00bb global_colors_info=\u00bb{}\u00bb][et_pb_text _builder_version=\u00bb4.19.2&#8243; _module_preset=\u00bb3183d7ba-2862-491d-9f91-079ab0b3767d\u00bb custom_margin=\u00bb||10px||false|false\u00bb global_colors_info=\u00bb{}\u00bb][\/et_pb_text][et_pb_text _builder_version=\u00bb4.18.1&#8243; _module_preset=\u00bbee843b2d-8e6d-487f-93c5-69a2682429a5&#8243; global_colors_info=\u00bb{}\u00bb]<\/p>\n<p><strong>DECLARACI\u00d3N DE RESPONSABILIDAD<\/strong> <br \/>En Terrassa, a 01 de Junio de 2025.<\/p>\n<p>Por medio de la presente, la empresa VisualGest Software S.L., con domicilio en Carrer Galileu 234, 08224 Terrassa en Barcelona y NIF B63819049, CERTIFICA que los diferentes sistemas inform\u00e1ticos de facturaci\u00f3n: VisualGest Cloud, VisualGest Pyme, OfficeFactura, OfficePos y VisualGest RS, cumplen \u00edntegramente con lo dispuesto en el art\u00edculo 29.2.j) de la Ley 58\/2003, de 17 de diciembre, General Tributaria. <br \/>El reglamento establece los requisitos que deben adoptar los sistemas y programas inform\u00e1ticos o electr\u00f3nicos que soporten los procesos de facturaci\u00f3n de empresarios y profesionales, y la estandarizaci\u00f3n de formatos de los registros de facturaci\u00f3n, aprobado por el Real Decreto 1007\/2023, de 5 de diciembre, en la Orden HAC\/1177\/2024, de 17 de octubre y en la sede electr\u00f3nica de la Agencia Estatal de Administraci\u00f3n Tributaria para todo aquello que complete las especificaciones de esta orden.<\/p>\n<p>DETALLE DE LOS DIFERENTES SISTEMAS INFORM\u00c1TICOS:<\/p>\n<p>Nombre del Software: VisualGest Cloud <br \/>.- Versi\u00f3n: v1.0 <br \/>.- C\u00f3digo identificador: 01 <br \/>.- Funcionalidades: ERP y punto de venta para cadenas de tiendas y franquicias. <br \/>.- Cumplimiento Verifactu: Sistema compatible con VERI*FACTU el cual permite el uso por varios obligados tributarios.<\/p>\n<p>Nombre del Software: VisualGest Pyme <br \/>.- Versi\u00f3n: v1.0 <br \/>.- C\u00f3digo identificador: 01 <br \/>.- Funcionalidades: ERP de facturaci\u00f3n para medianas y peque\u00f1as empresas. <br \/>.- Cumplimiento Verifactu: Sistema compatible con VERI*FACTU el cual permite el uso por varios obligados tributarios.<\/p>\n<p>Nombre del Software: OfficePos <br \/>.- Versi\u00f3n: v1.0 <br \/>.- C\u00f3digo identificador: 01 <br \/>.- Funcionalidades: ERP y punto de venta para el peque\u00f1o comercio <br \/>.- Cumplimiento Verifactu: Sistema compatible con VERI*FACTU el cual permite el uso por varios obligados tributarios. <\/p>\n<p>Nombre del Software: OfficeFactura <br \/>.- Versi\u00f3n: v1.0 <br \/>.- C\u00f3digo identificador: 01 <br \/>.- Funcionalidades: ERP de facturaci\u00f3n para aut\u00f3nomos y emprendedores <br \/>.- Cumplimiento Verifactu: Sistema compatible con VERI*FACTU el cual permite el uso por varios obligados tributarios. <\/p>\n<p>Nombre del Software: VisualGest RS \/GP <br \/>.- Versi\u00f3n: v1.0 <br \/>.-\u00a0 C\u00f3digo identificador: 01<br \/>.- Funcionalidades: ERP &#8211; Backoffice <br \/>.-Cumplimiento Verifactu: Sistema compatible con VERI*FACTU el cual permite el uso por varios obligados tributarios.<\/p>\n<p>[\/et_pb_text][et_pb_image src=\u00bbhttps:\/\/www.visualgest.com\/wp-content\/uploads\/2025\/09\/logo-agencia-tributaria-300&#215;242-1.png\u00bb title_text=\u00bblogo-agencia-tributaria-300&#215;242&#8243; align=\u00bbcenter\u00bb _builder_version=\u00bb4.27.4&#8243; _module_preset=\u00bbdefault\u00bb width=\u00bb67%\u00bb min_height=\u00bb153px\u00bb custom_padding=\u00bb0px|0px|50px|||\u00bb global_colors_info=\u00bb{}\u00bb][\/et_pb_image][et_pb_button button_text=\u00bbDescargar\u00bb _builder_version=\u00bb4.27.4&#8243; _module_preset=\u00bbdefault\u00bb button_alignment=\u00bbcenter\u00bb button_url=\u00bbhttps:\/\/www.visualgest.com\/descargas\/otros\/docs\/DResponsabilidad.pdf\u00bb hover_enabled=\u00bb0&#8243; sticky_enabled=\u00bb0&#8243;][\/et_pb_button][et_pb_text _builder_version=\u00bb4.19.2&#8243; _module_preset=\u00bb3183d7ba-2862-491d-9f91-079ab0b3767d\u00bb custom_margin=\u00bb||10px||false|false\u00bb global_colors_info=\u00bb{}\u00bb]<\/p>\n<h1><\/h1>\n<p>[\/et_pb_text][\/et_pb_column][\/et_pb_row][\/et_pb_section]<\/p>","protected":false},"excerpt":{"rendered":"<p>DECLARACI\u00d3N DE RESPONSABILIDAD En Terrassa, a 01 de Junio de 2025. Por medio de la presente, la empresa VisualGest Software S.L., con domicilio en Carrer Galileu 234, 08224 Terrassa en Barcelona y NIF B63819049, CERTIFICA que los diferentes sistemas inform\u00e1ticos de facturaci\u00f3n: VisualGest Cloud, VisualGest Pyme, OfficeFactura, OfficePos y VisualGest RS, cumplen \u00edntegramente con lo [&hellip;]<\/p>","protected":false},"author":1,"featured_media":0,"parent":0,"menu_order":0,"comment_status":"closed","ping_status":"closed","template":"","meta":{"_et_pb_use_builder":"on","_et_pb_old_content":"","_et_gb_content_width":"","footnotes":""},"class_list":["post-9122","page","type-page","status-publish","hentry"],"yoast_head":"<!-- This site is optimized with the Yoast SEO plugin v25.5 - https:\/\/yoast.com\/wordpress\/plugins\/seo\/ -->\n<title>Declaraci\u00f3n de responsabilidad VeriFactu - VisualGest - Soluciones software para el comercio y la pyme. Software ERP - TPV - POS<\/title>\n<meta name=\"robots\" content=\"index, follow, max-snippet:-1, max-image-preview:large, max-video-preview:-1\" \/>\n<link rel=\"canonical\" href=\"https:\/\/www.visualgest.com\/en\/declaracion-de-responsabilidad-verifactu\/\" \/>\n<meta property=\"og:locale\" content=\"en_GB\" \/>\n<meta property=\"og:type\" content=\"article\" \/>\n<meta property=\"og:title\" content=\"Declaraci\u00f3n de responsabilidad VeriFactu - VisualGest - Soluciones software para el comercio y la pyme. Software ERP - TPV - POS\" \/>\n<meta property=\"og:description\" content=\"DECLARACI\u00d3N DE RESPONSABILIDAD En Terrassa, a 01 de Junio de 2025. Por medio de la presente, la empresa VisualGest Software S.L., con domicilio en Carrer Galileu 234, 08224 Terrassa en Barcelona y NIF B63819049, CERTIFICA que los diferentes sistemas inform\u00e1ticos de facturaci\u00f3n: VisualGest Cloud, VisualGest Pyme, OfficeFactura, OfficePos y VisualGest RS, cumplen \u00edntegramente con lo [&hellip;]\" \/>\n<meta property=\"og:url\" content=\"https:\/\/www.visualgest.com\/en\/declaracion-de-responsabilidad-verifactu\/\" \/>\n<meta property=\"og:site_name\" content=\"VisualGest - Soluciones software para el comercio y la pyme. Software ERP - TPV - POS\" \/>\n<meta property=\"article:modified_time\" content=\"2025-09-09T10:22:51+00:00\" \/>\n<meta name=\"twitter:card\" content=\"summary_large_image\" \/>\n<meta name=\"twitter:label1\" content=\"Estimated reading time\" \/>\n\t<meta name=\"twitter:data1\" content=\"2 minutes\" \/>\n<script type=\"application\/ld+json\" class=\"yoast-schema-graph\">{\"@context\":\"https:\/\/schema.org\",\"@graph\":[{\"@type\":\"WebPage\",\"@id\":\"https:\/\/www.visualgest.com\/declaracion-de-responsabilidad-verifactu\/\",\"url\":\"https:\/\/www.visualgest.com\/declaracion-de-responsabilidad-verifactu\/\",\"name\":\"Declaraci\u00f3n de responsabilidad VeriFactu - VisualGest - Soluciones software para el comercio y la pyme. Software ERP - TPV - POS\",\"isPartOf\":{\"@id\":\"https:\/\/www.visualgest.com\/#website\"},\"datePublished\":\"2025-09-09T08:55:52+00:00\",\"dateModified\":\"2025-09-09T10:22:51+00:00\",\"breadcrumb\":{\"@id\":\"https:\/\/www.visualgest.com\/declaracion-de-responsabilidad-verifactu\/#breadcrumb\"},\"inLanguage\":\"en-GB\",\"potentialAction\":[{\"@type\":\"ReadAction\",\"target\":[\"https:\/\/www.visualgest.com\/declaracion-de-responsabilidad-verifactu\/\"]}]},{\"@type\":\"BreadcrumbList\",\"@id\":\"https:\/\/www.visualgest.com\/declaracion-de-responsabilidad-verifactu\/#breadcrumb\",\"itemListElement\":[{\"@type\":\"ListItem\",\"position\":1,\"name\":\"Portada\",\"item\":\"https:\/\/www.visualgest.com\/\"},{\"@type\":\"ListItem\",\"position\":2,\"name\":\"Declaraci\u00f3n de responsabilidad VeriFactu\"}]},{\"@type\":\"WebSite\",\"@id\":\"https:\/\/www.visualgest.com\/#website\",\"url\":\"https:\/\/www.visualgest.com\/\",\"name\":\"VisualGest\",\"description\":\"Soluciones software para el comercio y la pyme. Software ERP - TPV - POS\",\"publisher\":{\"@id\":\"https:\/\/www.visualgest.com\/#organization\"},\"potentialAction\":[{\"@type\":\"SearchAction\",\"target\":{\"@type\":\"EntryPoint\",\"urlTemplate\":\"https:\/\/www.visualgest.com\/?s={search_term_string}\"},\"query-input\":{\"@type\":\"PropertyValueSpecification\",\"valueRequired\":true,\"valueName\":\"search_term_string\"}}],\"inLanguage\":\"en-GB\"},{\"@type\":\"Organization\",\"@id\":\"https:\/\/www.visualgest.com\/#organization\",\"name\":\"VisualGest software, S.L.\",\"url\":\"https:\/\/www.visualgest.com\/\",\"logo\":{\"@type\":\"ImageObject\",\"inLanguage\":\"en-GB\",\"@id\":\"https:\/\/www.visualgest.com\/#\/schema\/logo\/image\/\",\"url\":\"https:\/\/www.visualgest.com\/wp-content\/uploads\/2017\/11\/LogoLineaErp.png\",\"contentUrl\":\"https:\/\/www.visualgest.com\/wp-content\/uploads\/2017\/11\/LogoLineaErp.png\",\"width\":282,\"height\":92,\"caption\":\"VisualGest software, S.L.\"},\"image\":{\"@id\":\"https:\/\/www.visualgest.com\/#\/schema\/logo\/image\/\"}}]}<\/script>\n<!-- \/ Yoast SEO plugin. -->","yoast_head_json":{"title":"Declaraci\u00f3n de responsabilidad VeriFactu - VisualGest - Soluciones software para el comercio y la pyme. Software ERP - TPV - POS","robots":{"index":"index","follow":"follow","max-snippet":"max-snippet:-1","max-image-preview":"max-image-preview:large","max-video-preview":"max-video-preview:-1"},"canonical":"https:\/\/www.visualgest.com\/en\/declaracion-de-responsabilidad-verifactu\/","og_locale":"en_GB","og_type":"article","og_title":"Declaraci\u00f3n de responsabilidad VeriFactu - VisualGest - Soluciones software para el comercio y la pyme. Software ERP - TPV - POS","og_description":"DECLARACI\u00d3N DE RESPONSABILIDAD En Terrassa, a 01 de Junio de 2025. Por medio de la presente, la empresa VisualGest Software S.L., con domicilio en Carrer Galileu 234, 08224 Terrassa en Barcelona y NIF B63819049, CERTIFICA que los diferentes sistemas inform\u00e1ticos de facturaci\u00f3n: VisualGest Cloud, VisualGest Pyme, OfficeFactura, OfficePos y VisualGest RS, cumplen \u00edntegramente con lo [&hellip;]","og_url":"https:\/\/www.visualgest.com\/en\/declaracion-de-responsabilidad-verifactu\/","og_site_name":"VisualGest - Soluciones software para el comercio y la pyme. Software ERP - TPV - POS","article_modified_time":"2025-09-09T10:22:51+00:00","twitter_card":"summary_large_image","twitter_misc":{"Estimated reading time":"2 minutes"},"schema":{"@context":"https:\/\/schema.org","@graph":[{"@type":"WebPage","@id":"https:\/\/www.visualgest.com\/declaracion-de-responsabilidad-verifactu\/","url":"https:\/\/www.visualgest.com\/declaracion-de-responsabilidad-verifactu\/","name":"Declaraci\u00f3n de responsabilidad VeriFactu - VisualGest - Soluciones software para el comercio y la pyme. Software ERP - TPV - POS","isPartOf":{"@id":"https:\/\/www.visualgest.com\/#website"},"datePublished":"2025-09-09T08:55:52+00:00","dateModified":"2025-09-09T10:22:51+00:00","breadcrumb":{"@id":"https:\/\/www.visualgest.com\/declaracion-de-responsabilidad-verifactu\/#breadcrumb"},"inLanguage":"en-GB","potentialAction":[{"@type":"ReadAction","target":["https:\/\/www.visualgest.com\/declaracion-de-responsabilidad-verifactu\/"]}]},{"@type":"BreadcrumbList","@id":"https:\/\/www.visualgest.com\/declaracion-de-responsabilidad-verifactu\/#breadcrumb","itemListElement":[{"@type":"ListItem","position":1,"name":"Portada","item":"https:\/\/www.visualgest.com\/"},{"@type":"ListItem","position":2,"name":"Declaraci\u00f3n de responsabilidad VeriFactu"}]},{"@type":"WebSite","@id":"https:\/\/www.visualgest.com\/#website","url":"https:\/\/www.visualgest.com\/","name":"VisualGest","description":"Soluciones software para el comercio y la pyme. Software ERP - TPV - POS","publisher":{"@id":"https:\/\/www.visualgest.com\/#organization"},"potentialAction":[{"@type":"SearchAction","target":{"@type":"EntryPoint","urlTemplate":"https:\/\/www.visualgest.com\/?s={search_term_string}"},"query-input":{"@type":"PropertyValueSpecification","valueRequired":true,"valueName":"search_term_string"}}],"inLanguage":"en-GB"},{"@type":"Organization","@id":"https:\/\/www.visualgest.com\/#organization","name":"VisualGest software, S.L.","url":"https:\/\/www.visualgest.com\/","logo":{"@type":"ImageObject","inLanguage":"en-GB","@id":"https:\/\/www.visualgest.com\/#\/schema\/logo\/image\/","url":"https:\/\/www.visualgest.com\/wp-content\/uploads\/2017\/11\/LogoLineaErp.png","contentUrl":"https:\/\/www.visualgest.com\/wp-content\/uploads\/2017\/11\/LogoLineaErp.png","width":282,"height":92,"caption":"VisualGest software, S.L."},"image":{"@id":"https:\/\/www.visualgest.com\/#\/schema\/logo\/image\/"}}]}},"_links":{"self":[{"href":"https:\/\/www.visualgest.com\/en\/wp-json\/wp\/v2\/pages\/9122","targetHints":{"allow":["GET"]}}],"collection":[{"href":"https:\/\/www.visualgest.com\/en\/wp-json\/wp\/v2\/pages"}],"about":[{"href":"https:\/\/www.visualgest.com\/en\/wp-json\/wp\/v2\/types\/page"}],"author":[{"embeddable":true,"href":"https:\/\/www.visualgest.com\/en\/wp-json\/wp\/v2\/users\/1"}],"replies":[{"embeddable":true,"href":"https:\/\/www.visualgest.com\/en\/wp-json\/wp\/v2\/comments?post=9122"}],"version-history":[{"count":0,"href":"https:\/\/www.visualgest.com\/en\/wp-json\/wp\/v2\/pages\/9122\/revisions"}],"wp:attachment":[{"href":"https:\/\/www.visualgest.com\/en\/wp-json\/wp\/v2\/media?parent=9122"}],"curies":[{"name":"wp","href":"https:\/\/api.w.org\/{rel}","templated":true}]}}