{"id":9113,"date":"2025-09-09T08:57:44","date_gmt":"2025-09-09T08:57:44","guid":{"rendered":"https:\/\/www.visualgest.com\/?page_id=9113"},"modified":"2025-09-09T10:23:54","modified_gmt":"2025-09-09T10:23:54","slug":"verifactu","status":"publish","type":"page","link":"https:\/\/www.visualgest.com\/en\/verifactu\/","title":{"rendered":"VeriFactu"},"content":{"rendered":"<p>[et_pb_section fb_built=\u00bb1&#8243; admin_label=\u00bbHeader\u00bb _builder_version=\u00bb4.19.2&#8243; _module_preset=\u00bbdefault\u00bb overflow-x=\u00bbhidden\u00bb overflow-y=\u00bbhidden\u00bb custom_padding=\u00bb||0px||false|false\u00bb collapsed=\u00bbon\u00bb global_colors_info=\u00bb{}\u00bb][et_pb_row _builder_version=\u00bb4.27.4&#8243; _module_preset=\u00bbdefault\u00bb custom_padding=\u00bb||0px|||\u00bb global_colors_info=\u00bb{}\u00bb][et_pb_column type=\u00bb4_4&#8243; _builder_version=\u00bb4.19.0&#8243; _module_preset=\u00bbdefault\u00bb custom_padding_tablet=\u00bb||30px||false|false\u00bb custom_padding_phone=\u00bb||30px||false|false\u00bb custom_padding_last_edited=\u00bbon|tablet\u00bb global_colors_info=\u00bb{}\u00bb][et_pb_text _builder_version=\u00bb4.19.2&#8243; _module_preset=\u00bb3183d7ba-2862-491d-9f91-079ab0b3767d\u00bb custom_margin=\u00bb||10px||false|false\u00bb global_colors_info=\u00bb{}\u00bb]<\/p>\n<h1>VeriFactu<\/h1>\n<p>[\/et_pb_text][et_pb_text _builder_version=\u00bb4.18.1&#8243; _module_preset=\u00bbee843b2d-8e6d-487f-93c5-69a2682429a5&#8243; global_colors_info=\u00bb{}\u00bb]<\/p>\n<p><span style=\"font-size: 16px; letter-spacing: -0.01em;\">..Verifactu es un sistema de verificaci\u00f3n de facturas electr\u00f3nicas impulsado por la AgenciaTributaria que tiene el objetivo de luchar contra el fraude fiscal y potenciar la digitalizaci\u00f3n en los procesos de contabilidad empresarial.<br \/>Verifactu obliga a todos los sistemas inform\u00e1ticos de facturaci\u00f3n (SIF) a que, en el momento de expedici\u00f3n de la factura, generen y guarden o remitan a la Agencia Tributaria un resumen de la factura, llamado registro de facturaci\u00f3n, que lleva incorporado una serie de medidas de seguridad y control, como son la huella digital de sus datos, la inclusi\u00f3n de informaci\u00f3n del anterior registro <br \/>generado (lo que permite verificar que no hay saltos u omisiones) y, en su caso, la firma electr\u00f3nica del emisor del mismo. Asimismo, obligan a los SIF a que incluyan un c\u00f3digo QR en la factura expedida, cuya lectura (por ejemplo, con la c\u00e1mara de un tel\u00e9fono m\u00f3vil) permite a quien reciba dicha factura remitir f\u00e1cilmente ciertos datos de la misma a la Agencia Tributaria, para su posible contraste con los datos remitidos o comprobaci\u00f3n posterior. <br \/>VisualGest Software S.L. ha implementado en todos sus sistemas de facturaci\u00f3n esta nueva norma.<\/span><\/p>\n<p>[\/et_pb_text][et_pb_image src=\u00bbhttps:\/\/www.visualgest.com\/wp-content\/uploads\/2025\/09\/logo-agencia-tributaria-300&#215;242-1.png\u00bb title_text=\u00bblogo-agencia-tributaria-300&#215;242&#8243; align=\u00bbcenter\u00bb _builder_version=\u00bb4.27.4&#8243; _module_preset=\u00bbdefault\u00bb width=\u00bb67%\u00bb min_height=\u00bb153px\u00bb custom_padding=\u00bb0px|0px|50px|||\u00bb global_colors_info=\u00bb{}\u00bb][\/et_pb_image][et_pb_button button_url=\u00bbhttps:\/\/www.visualgest.com\/declaracion-de-responsabilidad-verifactu\/\u00bb button_text=\u00bbDeclaraci\u00f3n de responsabilidad\u00bb button_alignment=\u00bbcenter\u00bb _builder_version=\u00bb4.27.4&#8243; _module_preset=\u00bbdefault\u00bb global_colors_info=\u00bb{}\u00bb][\/et_pb_button][et_pb_text _builder_version=\u00bb4.19.2&#8243; _module_preset=\u00bb3183d7ba-2862-491d-9f91-079ab0b3767d\u00bb custom_margin=\u00bb||10px||false|false\u00bb global_colors_info=\u00bb{}\u00bb]<\/p>\n<h1><\/h1>\n<p>[\/et_pb_text][\/et_pb_column][\/et_pb_row][\/et_pb_section]<\/p>","protected":false},"excerpt":{"rendered":"<p>VeriFactu..Verifactu es un sistema de verificaci\u00f3n de facturas electr\u00f3nicas impulsado por la AgenciaTributaria que tiene el objetivo de luchar contra el fraude fiscal y potenciar la digitalizaci\u00f3n en los procesos de contabilidad empresarial.Verifactu obliga a todos los sistemas inform\u00e1ticos de facturaci\u00f3n (SIF) a que, en el momento de expedici\u00f3n de la factura, generen y guarden [&hellip;]<\/p>","protected":false},"author":1,"featured_media":0,"parent":0,"menu_order":0,"comment_status":"closed","ping_status":"closed","template":"","meta":{"_et_pb_use_builder":"on","_et_pb_old_content":"","_et_gb_content_width":"","footnotes":""},"class_list":["post-9113","page","type-page","status-publish","hentry"],"yoast_head":"<!-- This site is optimized with the Yoast SEO plugin v25.5 - https:\/\/yoast.com\/wordpress\/plugins\/seo\/ -->\n<title>VeriFactu - VisualGest - Soluciones software para el comercio y la pyme. Software ERP - TPV - POS<\/title>\n<meta name=\"robots\" content=\"index, follow, max-snippet:-1, max-image-preview:large, max-video-preview:-1\" \/>\n<link rel=\"canonical\" href=\"https:\/\/www.visualgest.com\/en\/verifactu\/\" \/>\n<meta property=\"og:locale\" content=\"en_GB\" \/>\n<meta property=\"og:type\" content=\"article\" \/>\n<meta property=\"og:title\" content=\"VeriFactu - VisualGest - Soluciones software para el comercio y la pyme. Software ERP - TPV - POS\" \/>\n<meta property=\"og:description\" content=\"VeriFactu..Verifactu es un sistema de verificaci\u00f3n de facturas electr\u00f3nicas impulsado por la AgenciaTributaria que tiene el objetivo de luchar contra el fraude fiscal y potenciar la digitalizaci\u00f3n en los procesos de contabilidad empresarial.Verifactu obliga a todos los sistemas inform\u00e1ticos de facturaci\u00f3n (SIF) a que, en el momento de expedici\u00f3n de la factura, generen y guarden [&hellip;]\" \/>\n<meta property=\"og:url\" content=\"https:\/\/www.visualgest.com\/en\/verifactu\/\" \/>\n<meta property=\"og:site_name\" content=\"VisualGest - Soluciones software para el comercio y la pyme. Software ERP - TPV - POS\" \/>\n<meta property=\"article:modified_time\" content=\"2025-09-09T10:23:54+00:00\" \/>\n<meta name=\"twitter:card\" content=\"summary_large_image\" \/>\n<meta name=\"twitter:label1\" content=\"Estimated reading time\" \/>\n\t<meta name=\"twitter:data1\" content=\"2 minutes\" \/>\n<script type=\"application\/ld+json\" class=\"yoast-schema-graph\">{\"@context\":\"https:\/\/schema.org\",\"@graph\":[{\"@type\":\"WebPage\",\"@id\":\"https:\/\/www.visualgest.com\/verifactu\/\",\"url\":\"https:\/\/www.visualgest.com\/verifactu\/\",\"name\":\"VeriFactu - VisualGest - Soluciones software para el comercio y la pyme. Software ERP - TPV - POS\",\"isPartOf\":{\"@id\":\"https:\/\/www.visualgest.com\/#website\"},\"datePublished\":\"2025-09-09T08:57:44+00:00\",\"dateModified\":\"2025-09-09T10:23:54+00:00\",\"breadcrumb\":{\"@id\":\"https:\/\/www.visualgest.com\/verifactu\/#breadcrumb\"},\"inLanguage\":\"en-GB\",\"potentialAction\":[{\"@type\":\"ReadAction\",\"target\":[\"https:\/\/www.visualgest.com\/verifactu\/\"]}]},{\"@type\":\"BreadcrumbList\",\"@id\":\"https:\/\/www.visualgest.com\/verifactu\/#breadcrumb\",\"itemListElement\":[{\"@type\":\"ListItem\",\"position\":1,\"name\":\"Portada\",\"item\":\"https:\/\/www.visualgest.com\/\"},{\"@type\":\"ListItem\",\"position\":2,\"name\":\"VeriFactu\"}]},{\"@type\":\"WebSite\",\"@id\":\"https:\/\/www.visualgest.com\/#website\",\"url\":\"https:\/\/www.visualgest.com\/\",\"name\":\"VisualGest\",\"description\":\"Soluciones software para el comercio y la pyme. Software ERP - TPV - POS\",\"publisher\":{\"@id\":\"https:\/\/www.visualgest.com\/#organization\"},\"potentialAction\":[{\"@type\":\"SearchAction\",\"target\":{\"@type\":\"EntryPoint\",\"urlTemplate\":\"https:\/\/www.visualgest.com\/?s={search_term_string}\"},\"query-input\":{\"@type\":\"PropertyValueSpecification\",\"valueRequired\":true,\"valueName\":\"search_term_string\"}}],\"inLanguage\":\"en-GB\"},{\"@type\":\"Organization\",\"@id\":\"https:\/\/www.visualgest.com\/#organization\",\"name\":\"VisualGest software, S.L.\",\"url\":\"https:\/\/www.visualgest.com\/\",\"logo\":{\"@type\":\"ImageObject\",\"inLanguage\":\"en-GB\",\"@id\":\"https:\/\/www.visualgest.com\/#\/schema\/logo\/image\/\",\"url\":\"https:\/\/www.visualgest.com\/wp-content\/uploads\/2017\/11\/LogoLineaErp.png\",\"contentUrl\":\"https:\/\/www.visualgest.com\/wp-content\/uploads\/2017\/11\/LogoLineaErp.png\",\"width\":282,\"height\":92,\"caption\":\"VisualGest software, S.L.\"},\"image\":{\"@id\":\"https:\/\/www.visualgest.com\/#\/schema\/logo\/image\/\"}}]}<\/script>\n<!-- \/ Yoast SEO plugin. -->","yoast_head_json":{"title":"VeriFactu - VisualGest - Soluciones software para el comercio y la pyme. Software ERP - TPV - POS","robots":{"index":"index","follow":"follow","max-snippet":"max-snippet:-1","max-image-preview":"max-image-preview:large","max-video-preview":"max-video-preview:-1"},"canonical":"https:\/\/www.visualgest.com\/en\/verifactu\/","og_locale":"en_GB","og_type":"article","og_title":"VeriFactu - VisualGest - Soluciones software para el comercio y la pyme. Software ERP - TPV - POS","og_description":"VeriFactu..Verifactu es un sistema de verificaci\u00f3n de facturas electr\u00f3nicas impulsado por la AgenciaTributaria que tiene el objetivo de luchar contra el fraude fiscal y potenciar la digitalizaci\u00f3n en los procesos de contabilidad empresarial.Verifactu obliga a todos los sistemas inform\u00e1ticos de facturaci\u00f3n (SIF) a que, en el momento de expedici\u00f3n de la factura, generen y guarden [&hellip;]","og_url":"https:\/\/www.visualgest.com\/en\/verifactu\/","og_site_name":"VisualGest - Soluciones software para el comercio y la pyme. Software ERP - TPV - POS","article_modified_time":"2025-09-09T10:23:54+00:00","twitter_card":"summary_large_image","twitter_misc":{"Estimated reading time":"2 minutes"},"schema":{"@context":"https:\/\/schema.org","@graph":[{"@type":"WebPage","@id":"https:\/\/www.visualgest.com\/verifactu\/","url":"https:\/\/www.visualgest.com\/verifactu\/","name":"VeriFactu - VisualGest - Soluciones software para el comercio y la pyme. Software ERP - TPV - POS","isPartOf":{"@id":"https:\/\/www.visualgest.com\/#website"},"datePublished":"2025-09-09T08:57:44+00:00","dateModified":"2025-09-09T10:23:54+00:00","breadcrumb":{"@id":"https:\/\/www.visualgest.com\/verifactu\/#breadcrumb"},"inLanguage":"en-GB","potentialAction":[{"@type":"ReadAction","target":["https:\/\/www.visualgest.com\/verifactu\/"]}]},{"@type":"BreadcrumbList","@id":"https:\/\/www.visualgest.com\/verifactu\/#breadcrumb","itemListElement":[{"@type":"ListItem","position":1,"name":"Portada","item":"https:\/\/www.visualgest.com\/"},{"@type":"ListItem","position":2,"name":"VeriFactu"}]},{"@type":"WebSite","@id":"https:\/\/www.visualgest.com\/#website","url":"https:\/\/www.visualgest.com\/","name":"VisualGest","description":"Soluciones software para el comercio y la pyme. Software ERP - TPV - POS","publisher":{"@id":"https:\/\/www.visualgest.com\/#organization"},"potentialAction":[{"@type":"SearchAction","target":{"@type":"EntryPoint","urlTemplate":"https:\/\/www.visualgest.com\/?s={search_term_string}"},"query-input":{"@type":"PropertyValueSpecification","valueRequired":true,"valueName":"search_term_string"}}],"inLanguage":"en-GB"},{"@type":"Organization","@id":"https:\/\/www.visualgest.com\/#organization","name":"VisualGest software, S.L.","url":"https:\/\/www.visualgest.com\/","logo":{"@type":"ImageObject","inLanguage":"en-GB","@id":"https:\/\/www.visualgest.com\/#\/schema\/logo\/image\/","url":"https:\/\/www.visualgest.com\/wp-content\/uploads\/2017\/11\/LogoLineaErp.png","contentUrl":"https:\/\/www.visualgest.com\/wp-content\/uploads\/2017\/11\/LogoLineaErp.png","width":282,"height":92,"caption":"VisualGest software, S.L."},"image":{"@id":"https:\/\/www.visualgest.com\/#\/schema\/logo\/image\/"}}]}},"_links":{"self":[{"href":"https:\/\/www.visualgest.com\/en\/wp-json\/wp\/v2\/pages\/9113","targetHints":{"allow":["GET"]}}],"collection":[{"href":"https:\/\/www.visualgest.com\/en\/wp-json\/wp\/v2\/pages"}],"about":[{"href":"https:\/\/www.visualgest.com\/en\/wp-json\/wp\/v2\/types\/page"}],"author":[{"embeddable":true,"href":"https:\/\/www.visualgest.com\/en\/wp-json\/wp\/v2\/users\/1"}],"replies":[{"embeddable":true,"href":"https:\/\/www.visualgest.com\/en\/wp-json\/wp\/v2\/comments?post=9113"}],"version-history":[{"count":0,"href":"https:\/\/www.visualgest.com\/en\/wp-json\/wp\/v2\/pages\/9113\/revisions"}],"wp:attachment":[{"href":"https:\/\/www.visualgest.com\/en\/wp-json\/wp\/v2\/media?parent=9113"}],"curies":[{"name":"wp","href":"https:\/\/api.w.org\/{rel}","templated":true}]}}