{"id":471,"date":"2017-12-18T15:34:07","date_gmt":"2017-12-18T15:34:07","guid":{"rendered":"http:\/\/www.visualgest.com\/?page_id=471"},"modified":"2017-12-18T15:42:21","modified_gmt":"2017-12-18T15:42:21","slug":"panaderias-pastelerias-supermercados","status":"publish","type":"page","link":"https:\/\/www.visualgest.com\/en\/panaderias-pastelerias-supermercados\/","title":{"rendered":"Panader\u00edas Pasteler\u00edas"},"content":{"rendered":"<p>[et_pb_section fb_built=\u00bb1&#8243; _builder_version=\u00bb3.0.47&#8243;][et_pb_row _builder_version=\u00bb3.0.47&#8243; background_size=\u00bbinitial\u00bb background_position=\u00bbtop_left\u00bb background_repeat=\u00bbrepeat\u00bb][et_pb_column type=\u00bb4_4&#8243; _builder_version=\u00bb3.0.89&#8243; parallax=\u00bboff\u00bb parallax_method=\u00bbon\u00bb][et_pb_text _builder_version=\u00bb3.0.89&#8243;]<\/p>\n<h2 style=\"text-align: center;\"><strong>Bakeries, pastry shops, candy stores, ice cream parlors or similar<\/strong><\/h2>\n<p>VisualGest, in keeping with its business policy of making available to its clients the most appropriate management program for the fundamental characteristics of each sector, has developed a series of functions for establishments or chains of establishments in the bakery, oven, pastry shop, candy and sweets, ice cream parlor, or similar sectors.<\/p>\n<p>VisualGest has based these functions as a sectoral configuration of the standard version, in order to provide maximum guarantees in its operation, as well as to always incorporate any technological advance in the shortest possible time, through our update policy.<\/p>\n<p>VisualGest has designed this sectorization so that it can be used in a very easy and fast way, by keyboard or through touch screens (highly recommended), and optical readers (optional).<\/p>\n<p><strong>Main functions:<\/p>\n<p><\/strong><\/p>\n<ul>\n<li>Quick sale of regular fixed-price items (bars, pastries, etc.)<\/li>\n<li>Sale of items with actual weight (cash scales) (cakes, bulk items).<\/li>\n<li>Sale of pre-weighed and packaged products (reading of weight and\/or amount labels).<\/li>\n<li>Sale of other products (barcode or keyboard).<\/li>\n<li>Sale of cafeteria services<\/li>\n<li>Issuance of quick or ticketless tickets.<\/li>\n<li>Reception and recording of customer orders (restaurants, bars, etc.) (same day or deferred date), with the possibility of issuing labels to be placed as such on the products. Reserved products or orders from individuals with comments.<\/li>\n<li>Issuing invoices and\/or delivery notes for customers with an open account.<\/li>\n<li>Possibility of various rates, for special clients.<\/li>\n<li>Quick item search, with or without a touch screen.<\/li>\n<li>Sum of total units per sales document.<\/li>\n<li>Acceptance of as many payment methods as required for each sale\u2026<\/li>\n<li>Detailed cash counts by payment method.<\/li>\n<li>Possibility of recording dates and times of entry\/exit of collaborators.<\/li>\n<li>Cash collections and payments.<\/li>\n<li>Receiving merchandise from a supplier, central (workshop) or another store.<\/li>\n<li>Management of control tape and incident recording.<\/li>\n<\/ul>\n<p><strong>Regardless of the sales management functions described above, VisualGest allows us to:<\/p>\n<p><\/strong><\/p>\n<ul>\n<li>Bill of materials. Possibility of establishing control over consumption of raw materials.<\/li>\n<li>Extensive management of raw material purchases.<\/li>\n<li>Warehouse control and stock of products for sale.<\/li>\n<li>Proposals for replenishment from store to central or general to supplier.<\/li>\n<li>Billing special clients by week, month, etc.<\/li>\n<li>Lists and statistics of all activity: by items, clients, etc.<\/li>\n<li>Issuance of tariffs.<\/li>\n<li>Labels with or without barcode for products and shelves.<\/li>\n<\/ul>\n<p><strong>Other optional possibilities are:<\/p>\n<p><\/strong><\/p>\n<ul>\n<li>Information on sales by time slot, day of the week, week, month, etc., as well as by payment method or other.<\/li>\n<li>VisualGest can be installed both in individual establishments and in companies with several of them, either owned or franchised. For this purpose, VisualGest has a complete central management system with automated communications.<\/li>\n<\/ul>\n<p>[\/et_pb_text][\/et_pb_column][\/et_pb_row][\/et_pb_section]<\/p>","protected":false},"excerpt":{"rendered":"<p>Panader\u00edas, pasteler\u00edas, golosinas, helader\u00edas o similares VisualGest, siguiendo con su pol\u00edtica empresarial de poner a la disposici\u00f3n de sus clientes el programa de gesti\u00f3n m\u00e1s apropiado a las caracter\u00edsticas fundamentales de cada sector, ha desarrollado una serie de funciones para establecimientos o cadenas de establecimientos del sector de panader\u00eda, hornos, pasteler\u00edas, caramelos y golosinas, helader\u00edas, [&hellip;]<\/p>","protected":false},"author":1,"featured_media":0,"parent":0,"menu_order":0,"comment_status":"closed","ping_status":"closed","template":"","meta":{"_et_pb_use_builder":"on","_et_pb_old_content":"","_et_gb_content_width":"","footnotes":""},"class_list":["post-471","page","type-page","status-publish","hentry"],"yoast_head":"<!-- This site is optimized with the Yoast SEO plugin v25.5 - https:\/\/yoast.com\/wordpress\/plugins\/seo\/ -->\n<title>Panader\u00edas Pasteler\u00edas - VisualGest - Soluciones software para el comercio y la pyme. Software ERP - TPV - POS<\/title>\n<meta name=\"robots\" content=\"index, follow, max-snippet:-1, max-image-preview:large, max-video-preview:-1\" \/>\n<link rel=\"canonical\" href=\"https:\/\/www.visualgest.com\/en\/panaderias-pastelerias-supermercados\/\" \/>\n<meta property=\"og:locale\" content=\"en_GB\" \/>\n<meta property=\"og:type\" content=\"article\" \/>\n<meta property=\"og:title\" content=\"Panader\u00edas Pasteler\u00edas - VisualGest - Soluciones software para el comercio y la pyme. Software ERP - TPV - POS\" \/>\n<meta property=\"og:description\" content=\"Panader\u00edas, pasteler\u00edas, golosinas, helader\u00edas o similares VisualGest, siguiendo con su pol\u00edtica empresarial de poner a la disposici\u00f3n de sus clientes el programa de gesti\u00f3n m\u00e1s apropiado a las caracter\u00edsticas fundamentales de cada sector, ha desarrollado una serie de funciones para establecimientos o cadenas de establecimientos del sector de panader\u00eda, hornos, pasteler\u00edas, caramelos y golosinas, helader\u00edas, [&hellip;]\" \/>\n<meta property=\"og:url\" content=\"https:\/\/www.visualgest.com\/en\/panaderias-pastelerias-supermercados\/\" \/>\n<meta property=\"og:site_name\" content=\"VisualGest - Soluciones software para el comercio y la pyme. Software ERP - TPV - POS\" \/>\n<meta property=\"article:modified_time\" content=\"2017-12-18T15:42:21+00:00\" \/>\n<meta name=\"twitter:card\" content=\"summary_large_image\" \/>\n<meta name=\"twitter:label1\" content=\"Estimated reading time\" \/>\n\t<meta name=\"twitter:data1\" content=\"3 minutes\" \/>\n<script type=\"application\/ld+json\" class=\"yoast-schema-graph\">{\"@context\":\"https:\/\/schema.org\",\"@graph\":[{\"@type\":\"WebPage\",\"@id\":\"https:\/\/www.visualgest.com\/panaderias-pastelerias-supermercados\/\",\"url\":\"https:\/\/www.visualgest.com\/panaderias-pastelerias-supermercados\/\",\"name\":\"Panader\u00edas Pasteler\u00edas - VisualGest - Soluciones software para el comercio y la pyme. Software ERP - TPV - POS\",\"isPartOf\":{\"@id\":\"https:\/\/www.visualgest.com\/#website\"},\"datePublished\":\"2017-12-18T15:34:07+00:00\",\"dateModified\":\"2017-12-18T15:42:21+00:00\",\"breadcrumb\":{\"@id\":\"https:\/\/www.visualgest.com\/panaderias-pastelerias-supermercados\/#breadcrumb\"},\"inLanguage\":\"en-GB\",\"potentialAction\":[{\"@type\":\"ReadAction\",\"target\":[\"https:\/\/www.visualgest.com\/panaderias-pastelerias-supermercados\/\"]}]},{\"@type\":\"BreadcrumbList\",\"@id\":\"https:\/\/www.visualgest.com\/panaderias-pastelerias-supermercados\/#breadcrumb\",\"itemListElement\":[{\"@type\":\"ListItem\",\"position\":1,\"name\":\"Portada\",\"item\":\"https:\/\/www.visualgest.com\/\"},{\"@type\":\"ListItem\",\"position\":2,\"name\":\"Panader\u00edas Pasteler\u00edas\"}]},{\"@type\":\"WebSite\",\"@id\":\"https:\/\/www.visualgest.com\/#website\",\"url\":\"https:\/\/www.visualgest.com\/\",\"name\":\"VisualGest\",\"description\":\"Soluciones software para el comercio y la pyme. Software ERP - TPV - POS\",\"publisher\":{\"@id\":\"https:\/\/www.visualgest.com\/#organization\"},\"potentialAction\":[{\"@type\":\"SearchAction\",\"target\":{\"@type\":\"EntryPoint\",\"urlTemplate\":\"https:\/\/www.visualgest.com\/?s={search_term_string}\"},\"query-input\":{\"@type\":\"PropertyValueSpecification\",\"valueRequired\":true,\"valueName\":\"search_term_string\"}}],\"inLanguage\":\"en-GB\"},{\"@type\":\"Organization\",\"@id\":\"https:\/\/www.visualgest.com\/#organization\",\"name\":\"VisualGest software, S.L.\",\"url\":\"https:\/\/www.visualgest.com\/\",\"logo\":{\"@type\":\"ImageObject\",\"inLanguage\":\"en-GB\",\"@id\":\"https:\/\/www.visualgest.com\/#\/schema\/logo\/image\/\",\"url\":\"https:\/\/www.visualgest.com\/wp-content\/uploads\/2017\/11\/LogoLineaErp.png\",\"contentUrl\":\"https:\/\/www.visualgest.com\/wp-content\/uploads\/2017\/11\/LogoLineaErp.png\",\"width\":282,\"height\":92,\"caption\":\"VisualGest software, S.L.\"},\"image\":{\"@id\":\"https:\/\/www.visualgest.com\/#\/schema\/logo\/image\/\"}}]}<\/script>\n<!-- \/ Yoast SEO plugin. -->","yoast_head_json":{"title":"Panader\u00edas Pasteler\u00edas - VisualGest - Soluciones software para el comercio y la pyme. Software ERP - TPV - POS","robots":{"index":"index","follow":"follow","max-snippet":"max-snippet:-1","max-image-preview":"max-image-preview:large","max-video-preview":"max-video-preview:-1"},"canonical":"https:\/\/www.visualgest.com\/en\/panaderias-pastelerias-supermercados\/","og_locale":"en_GB","og_type":"article","og_title":"Panader\u00edas Pasteler\u00edas - VisualGest - Soluciones software para el comercio y la pyme. Software ERP - TPV - POS","og_description":"Panader\u00edas, pasteler\u00edas, golosinas, helader\u00edas o similares VisualGest, siguiendo con su pol\u00edtica empresarial de poner a la disposici\u00f3n de sus clientes el programa de gesti\u00f3n m\u00e1s apropiado a las caracter\u00edsticas fundamentales de cada sector, ha desarrollado una serie de funciones para establecimientos o cadenas de establecimientos del sector de panader\u00eda, hornos, pasteler\u00edas, caramelos y golosinas, helader\u00edas, [&hellip;]","og_url":"https:\/\/www.visualgest.com\/en\/panaderias-pastelerias-supermercados\/","og_site_name":"VisualGest - Soluciones software para el comercio y la pyme. Software ERP - TPV - POS","article_modified_time":"2017-12-18T15:42:21+00:00","twitter_card":"summary_large_image","twitter_misc":{"Estimated reading time":"3 minutes"},"schema":{"@context":"https:\/\/schema.org","@graph":[{"@type":"WebPage","@id":"https:\/\/www.visualgest.com\/panaderias-pastelerias-supermercados\/","url":"https:\/\/www.visualgest.com\/panaderias-pastelerias-supermercados\/","name":"Panader\u00edas Pasteler\u00edas - VisualGest - Soluciones software para el comercio y la pyme. Software ERP - TPV - POS","isPartOf":{"@id":"https:\/\/www.visualgest.com\/#website"},"datePublished":"2017-12-18T15:34:07+00:00","dateModified":"2017-12-18T15:42:21+00:00","breadcrumb":{"@id":"https:\/\/www.visualgest.com\/panaderias-pastelerias-supermercados\/#breadcrumb"},"inLanguage":"en-GB","potentialAction":[{"@type":"ReadAction","target":["https:\/\/www.visualgest.com\/panaderias-pastelerias-supermercados\/"]}]},{"@type":"BreadcrumbList","@id":"https:\/\/www.visualgest.com\/panaderias-pastelerias-supermercados\/#breadcrumb","itemListElement":[{"@type":"ListItem","position":1,"name":"Portada","item":"https:\/\/www.visualgest.com\/"},{"@type":"ListItem","position":2,"name":"Panader\u00edas Pasteler\u00edas"}]},{"@type":"WebSite","@id":"https:\/\/www.visualgest.com\/#website","url":"https:\/\/www.visualgest.com\/","name":"VisualGest","description":"Soluciones software para el comercio y la pyme. Software ERP - TPV - POS","publisher":{"@id":"https:\/\/www.visualgest.com\/#organization"},"potentialAction":[{"@type":"SearchAction","target":{"@type":"EntryPoint","urlTemplate":"https:\/\/www.visualgest.com\/?s={search_term_string}"},"query-input":{"@type":"PropertyValueSpecification","valueRequired":true,"valueName":"search_term_string"}}],"inLanguage":"en-GB"},{"@type":"Organization","@id":"https:\/\/www.visualgest.com\/#organization","name":"VisualGest software, S.L.","url":"https:\/\/www.visualgest.com\/","logo":{"@type":"ImageObject","inLanguage":"en-GB","@id":"https:\/\/www.visualgest.com\/#\/schema\/logo\/image\/","url":"https:\/\/www.visualgest.com\/wp-content\/uploads\/2017\/11\/LogoLineaErp.png","contentUrl":"https:\/\/www.visualgest.com\/wp-content\/uploads\/2017\/11\/LogoLineaErp.png","width":282,"height":92,"caption":"VisualGest software, S.L."},"image":{"@id":"https:\/\/www.visualgest.com\/#\/schema\/logo\/image\/"}}]}},"_links":{"self":[{"href":"https:\/\/www.visualgest.com\/en\/wp-json\/wp\/v2\/pages\/471","targetHints":{"allow":["GET"]}}],"collection":[{"href":"https:\/\/www.visualgest.com\/en\/wp-json\/wp\/v2\/pages"}],"about":[{"href":"https:\/\/www.visualgest.com\/en\/wp-json\/wp\/v2\/types\/page"}],"author":[{"embeddable":true,"href":"https:\/\/www.visualgest.com\/en\/wp-json\/wp\/v2\/users\/1"}],"replies":[{"embeddable":true,"href":"https:\/\/www.visualgest.com\/en\/wp-json\/wp\/v2\/comments?post=471"}],"version-history":[{"count":0,"href":"https:\/\/www.visualgest.com\/en\/wp-json\/wp\/v2\/pages\/471\/revisions"}],"wp:attachment":[{"href":"https:\/\/www.visualgest.com\/en\/wp-json\/wp\/v2\/media?parent=471"}],"curies":[{"name":"wp","href":"https:\/\/api.w.org\/{rel}","templated":true}]}}