{"id":443,"date":"2017-12-18T11:30:52","date_gmt":"2017-12-18T11:30:52","guid":{"rendered":"http:\/\/www.visualgest.com\/?page_id=443"},"modified":"2017-12-18T11:30:52","modified_gmt":"2017-12-18T11:30:52","slug":"mobiliario-complementos","status":"publish","type":"page","link":"https:\/\/www.visualgest.com\/en\/mobiliario-complementos\/","title":{"rendered":"Furniture Accessories"},"content":{"rendered":"<p>[et_pb_section fb_built=\u00bb1&#8243; _builder_version=\u00bb3.0.47&#8243;][et_pb_row _builder_version=\u00bb3.0.47&#8243; background_size=\u00bbinitial\u00bb background_position=\u00bbtop_left\u00bb background_repeat=\u00bbrepeat\u00bb][et_pb_column type=\u00bb4_4&#8243; _builder_version=\u00bb3.0.89&#8243; parallax=\u00bboff\u00bb parallax_method=\u00bbon\u00bb][et_pb_text _builder_version=\u00bb3.0.89&#8243;]<\/p>\n<h2 style=\"text-align: center;\"><strong>Counter sales warehouses for industrialists or professionals from different branches<\/strong><\/h2>\n<p><strong><\/strong><\/p>\n<p>VisualGest, in keeping with its business policy of making available to its clients the most appropriate management program for the fundamental characteristics of each sector, has developed a series of functions for counter-sale establishments or similar, for various supplies (new or spare parts) to industrial or professional (also private) products for: construction (materials, water, light, electricity), hardware, automobiles (workshops), agriculture (fertilizers), etc., which generally have the following characteristics: important management against order (orders), varied size of articles (weight, volume), piece-by-piece identification and technical service.<\/p>\n<p>VisualGest has based these functions as a sectoral configuration of the standard version, in order to provide maximum guarantees in its operation, as well as to always incorporate any technological advance in the shortest possible time, through our update policy.<\/p>\n<p><strong>Main features:<br \/><\/strong><\/p>\n<ul>\n<li>Quick sale of any item through barcode readers or keyboard (self-service).<\/li>\n<li>Simultaneous sales to multiple customers, issuing pre-tickets and payment at the cash register.<\/li>\n<li>Quick search for articles, including by supplier reference code.<\/li>\n<li>Special prices depending on customer\/item.<\/li>\n<li>Issuing tickets, invoices or delivery notes for clients with an open account. Optional quote.<\/li>\n<li>Complete item information sheet with photos, technical data and other information for sale by catalogue.<\/li>\n<li>Possibility of using portable readers, both to read codes of bulky items that cannot be taken to the checkout (toilet), and for shelf labels for small items (washers).<\/li>\n<li>Agile option for recording serial numbers to identify each specific piece.<\/li>\n<li>Quick search for serial numbers, in case of any claim, warranty, breakdown, etc.<\/li>\n<li>Complete management of orders and reservations: order date, service date, customer data, deliveries on account, observations, for collection in store or home delivery (from the same or another warehouse).<\/li>\n<li>Quick search for any document by number, date, client, etc.<\/li>\n<li>Tracking and listing of pending orders by date, item, etc., with requests for material replacement from headquarters, supplier or others.<\/li>\n<li>Possibility of issuing labels for reserved items (actual\/available stock position).<\/li>\n<li>Notices on receipt of merchandise, of pending delivery orders, affected by that entry. Deliveries of total or partial orders, increases, cancellations, in the store or at home.<\/li>\n<li>Notices upon receipt of merchandise, of possible delivery orders to the customer, given their availability.<\/li>\n<li>S.A.T., as a repair order with the possibility of labels. Control of deliveries to third parties.<\/li>\n<li>Issuance of item and shelf labels.<\/li>\n<li>Summation of total items per sales document.<\/li>\n<li>Acceptance of as many forms of payment as required in the same sale.<\/li>\n<li>Detailed cash counts by payment method. Collections and payments by cash register.<\/li>\n<li>Capture inventory, replenishment orders or others, using portable terminals (optional).<\/li>\n<li>Emergency system in case of server failures.<\/li>\n<\/ul>\n<p><strong>Regardless of these and other functions at the time of sale, VisualGest allows us to:<\/p>\n<p><\/strong><\/p>\n<ul>\n<li>Extensive purchasing management. Control of warehouse\/s and stock of any product.<\/li>\n<li>History of movements by item.<\/li>\n<li>Total or rotating inventories at any date.<\/li>\n<li>Possibility of controlling composite articles.<\/li>\n<li>Billing special clients by week, month, etc.<\/li>\n<li>Management of portfolio of effects payable or receivable.<\/li>\n<li>Lists and statistics of all activity: by items, families, between dates, etc.<\/li>\n<li>VisualGest can be installed both in individual establishments and in companies with several of them, either owned or franchised. For this purpose, VisualGest has a complete central management system with automated communications.<\/li>\n<\/ul>\n<p>[\/et_pb_text][\/et_pb_column][\/et_pb_row][\/et_pb_section]<\/p>","protected":false},"excerpt":{"rendered":"<p>Almacenes de venta por mostrador a industriales o profesionales de distintos ramos VisualGest, siguiendo con su pol\u00edtica empresarial de poner a la disposici\u00f3n de sus clientes el programa de gesti\u00f3n m\u00e1s apropiado a las caracter\u00edsticas fundamentales de cada sector, ha desarrollado una serie de funciones para establecimientos de venta por mostrador o similar, de suministros [&hellip;]<\/p>","protected":false},"author":1,"featured_media":0,"parent":0,"menu_order":0,"comment_status":"closed","ping_status":"closed","template":"","meta":{"_et_pb_use_builder":"on","_et_pb_old_content":"","_et_gb_content_width":"","footnotes":""},"class_list":["post-443","page","type-page","status-publish","hentry"],"yoast_head":"<!-- This site is optimized with the Yoast SEO plugin v25.5 - https:\/\/yoast.com\/wordpress\/plugins\/seo\/ -->\n<title>Mobiliario Complementos - VisualGest - Soluciones software para el comercio y la pyme. Software ERP - TPV - POS<\/title>\n<meta name=\"robots\" content=\"index, follow, max-snippet:-1, max-image-preview:large, max-video-preview:-1\" \/>\n<link rel=\"canonical\" href=\"https:\/\/www.visualgest.com\/en\/mobiliario-complementos\/\" \/>\n<meta property=\"og:locale\" content=\"en_GB\" \/>\n<meta property=\"og:type\" content=\"article\" \/>\n<meta property=\"og:title\" content=\"Mobiliario Complementos - VisualGest - Soluciones software para el comercio y la pyme. Software ERP - TPV - POS\" \/>\n<meta property=\"og:description\" content=\"Almacenes de venta por mostrador a industriales o profesionales de distintos ramos VisualGest, siguiendo con su pol\u00edtica empresarial de poner a la disposici\u00f3n de sus clientes el programa de gesti\u00f3n m\u00e1s apropiado a las caracter\u00edsticas fundamentales de cada sector, ha desarrollado una serie de funciones para establecimientos de venta por mostrador o similar, de suministros [&hellip;]\" \/>\n<meta property=\"og:url\" content=\"https:\/\/www.visualgest.com\/en\/mobiliario-complementos\/\" \/>\n<meta property=\"og:site_name\" content=\"VisualGest - Soluciones software para el comercio y la pyme. Software ERP - TPV - POS\" \/>\n<meta name=\"twitter:card\" content=\"summary_large_image\" \/>\n<meta name=\"twitter:label1\" content=\"Estimated reading time\" \/>\n\t<meta name=\"twitter:data1\" content=\"4 minutes\" \/>\n<script type=\"application\/ld+json\" class=\"yoast-schema-graph\">{\"@context\":\"https:\/\/schema.org\",\"@graph\":[{\"@type\":\"WebPage\",\"@id\":\"https:\/\/www.visualgest.com\/mobiliario-complementos\/\",\"url\":\"https:\/\/www.visualgest.com\/mobiliario-complementos\/\",\"name\":\"Mobiliario Complementos - VisualGest - Soluciones software para el comercio y la pyme. Software ERP - TPV - POS\",\"isPartOf\":{\"@id\":\"https:\/\/www.visualgest.com\/#website\"},\"datePublished\":\"2017-12-18T11:30:52+00:00\",\"breadcrumb\":{\"@id\":\"https:\/\/www.visualgest.com\/mobiliario-complementos\/#breadcrumb\"},\"inLanguage\":\"en-GB\",\"potentialAction\":[{\"@type\":\"ReadAction\",\"target\":[\"https:\/\/www.visualgest.com\/mobiliario-complementos\/\"]}]},{\"@type\":\"BreadcrumbList\",\"@id\":\"https:\/\/www.visualgest.com\/mobiliario-complementos\/#breadcrumb\",\"itemListElement\":[{\"@type\":\"ListItem\",\"position\":1,\"name\":\"Portada\",\"item\":\"https:\/\/www.visualgest.com\/\"},{\"@type\":\"ListItem\",\"position\":2,\"name\":\"Mobiliario Complementos\"}]},{\"@type\":\"WebSite\",\"@id\":\"https:\/\/www.visualgest.com\/#website\",\"url\":\"https:\/\/www.visualgest.com\/\",\"name\":\"VisualGest\",\"description\":\"Soluciones software para el comercio y la pyme. Software ERP - TPV - POS\",\"publisher\":{\"@id\":\"https:\/\/www.visualgest.com\/#organization\"},\"potentialAction\":[{\"@type\":\"SearchAction\",\"target\":{\"@type\":\"EntryPoint\",\"urlTemplate\":\"https:\/\/www.visualgest.com\/?s={search_term_string}\"},\"query-input\":{\"@type\":\"PropertyValueSpecification\",\"valueRequired\":true,\"valueName\":\"search_term_string\"}}],\"inLanguage\":\"en-GB\"},{\"@type\":\"Organization\",\"@id\":\"https:\/\/www.visualgest.com\/#organization\",\"name\":\"VisualGest software, S.L.\",\"url\":\"https:\/\/www.visualgest.com\/\",\"logo\":{\"@type\":\"ImageObject\",\"inLanguage\":\"en-GB\",\"@id\":\"https:\/\/www.visualgest.com\/#\/schema\/logo\/image\/\",\"url\":\"https:\/\/www.visualgest.com\/wp-content\/uploads\/2017\/11\/LogoLineaErp.png\",\"contentUrl\":\"https:\/\/www.visualgest.com\/wp-content\/uploads\/2017\/11\/LogoLineaErp.png\",\"width\":282,\"height\":92,\"caption\":\"VisualGest software, S.L.\"},\"image\":{\"@id\":\"https:\/\/www.visualgest.com\/#\/schema\/logo\/image\/\"}}]}<\/script>\n<!-- \/ Yoast SEO plugin. -->","yoast_head_json":{"title":"Mobiliario Complementos - VisualGest - Soluciones software para el comercio y la pyme. Software ERP - TPV - POS","robots":{"index":"index","follow":"follow","max-snippet":"max-snippet:-1","max-image-preview":"max-image-preview:large","max-video-preview":"max-video-preview:-1"},"canonical":"https:\/\/www.visualgest.com\/en\/mobiliario-complementos\/","og_locale":"en_GB","og_type":"article","og_title":"Mobiliario Complementos - VisualGest - Soluciones software para el comercio y la pyme. Software ERP - TPV - POS","og_description":"Almacenes de venta por mostrador a industriales o profesionales de distintos ramos VisualGest, siguiendo con su pol\u00edtica empresarial de poner a la disposici\u00f3n de sus clientes el programa de gesti\u00f3n m\u00e1s apropiado a las caracter\u00edsticas fundamentales de cada sector, ha desarrollado una serie de funciones para establecimientos de venta por mostrador o similar, de suministros [&hellip;]","og_url":"https:\/\/www.visualgest.com\/en\/mobiliario-complementos\/","og_site_name":"VisualGest - Soluciones software para el comercio y la pyme. Software ERP - TPV - POS","twitter_card":"summary_large_image","twitter_misc":{"Estimated reading time":"4 minutes"},"schema":{"@context":"https:\/\/schema.org","@graph":[{"@type":"WebPage","@id":"https:\/\/www.visualgest.com\/mobiliario-complementos\/","url":"https:\/\/www.visualgest.com\/mobiliario-complementos\/","name":"Mobiliario Complementos - VisualGest - Soluciones software para el comercio y la pyme. Software ERP - TPV - POS","isPartOf":{"@id":"https:\/\/www.visualgest.com\/#website"},"datePublished":"2017-12-18T11:30:52+00:00","breadcrumb":{"@id":"https:\/\/www.visualgest.com\/mobiliario-complementos\/#breadcrumb"},"inLanguage":"en-GB","potentialAction":[{"@type":"ReadAction","target":["https:\/\/www.visualgest.com\/mobiliario-complementos\/"]}]},{"@type":"BreadcrumbList","@id":"https:\/\/www.visualgest.com\/mobiliario-complementos\/#breadcrumb","itemListElement":[{"@type":"ListItem","position":1,"name":"Portada","item":"https:\/\/www.visualgest.com\/"},{"@type":"ListItem","position":2,"name":"Mobiliario Complementos"}]},{"@type":"WebSite","@id":"https:\/\/www.visualgest.com\/#website","url":"https:\/\/www.visualgest.com\/","name":"VisualGest","description":"Soluciones software para el comercio y la pyme. Software ERP - TPV - POS","publisher":{"@id":"https:\/\/www.visualgest.com\/#organization"},"potentialAction":[{"@type":"SearchAction","target":{"@type":"EntryPoint","urlTemplate":"https:\/\/www.visualgest.com\/?s={search_term_string}"},"query-input":{"@type":"PropertyValueSpecification","valueRequired":true,"valueName":"search_term_string"}}],"inLanguage":"en-GB"},{"@type":"Organization","@id":"https:\/\/www.visualgest.com\/#organization","name":"VisualGest software, S.L.","url":"https:\/\/www.visualgest.com\/","logo":{"@type":"ImageObject","inLanguage":"en-GB","@id":"https:\/\/www.visualgest.com\/#\/schema\/logo\/image\/","url":"https:\/\/www.visualgest.com\/wp-content\/uploads\/2017\/11\/LogoLineaErp.png","contentUrl":"https:\/\/www.visualgest.com\/wp-content\/uploads\/2017\/11\/LogoLineaErp.png","width":282,"height":92,"caption":"VisualGest software, S.L."},"image":{"@id":"https:\/\/www.visualgest.com\/#\/schema\/logo\/image\/"}}]}},"_links":{"self":[{"href":"https:\/\/www.visualgest.com\/en\/wp-json\/wp\/v2\/pages\/443","targetHints":{"allow":["GET"]}}],"collection":[{"href":"https:\/\/www.visualgest.com\/en\/wp-json\/wp\/v2\/pages"}],"about":[{"href":"https:\/\/www.visualgest.com\/en\/wp-json\/wp\/v2\/types\/page"}],"author":[{"embeddable":true,"href":"https:\/\/www.visualgest.com\/en\/wp-json\/wp\/v2\/users\/1"}],"replies":[{"embeddable":true,"href":"https:\/\/www.visualgest.com\/en\/wp-json\/wp\/v2\/comments?post=443"}],"version-history":[{"count":0,"href":"https:\/\/www.visualgest.com\/en\/wp-json\/wp\/v2\/pages\/443\/revisions"}],"wp:attachment":[{"href":"https:\/\/www.visualgest.com\/en\/wp-json\/wp\/v2\/media?parent=443"}],"curies":[{"name":"wp","href":"https:\/\/api.w.org\/{rel}","templated":true}]}}