{"id":428,"date":"2017-12-18T10:50:59","date_gmt":"2017-12-18T10:50:59","guid":{"rendered":"http:\/\/www.visualgest.com\/?page_id=428"},"modified":"2017-12-18T10:51:33","modified_gmt":"2017-12-18T10:51:33","slug":"dietetica-parafarmacia","status":"publish","type":"page","link":"https:\/\/www.visualgest.com\/en\/dietetica-parafarmacia\/","title":{"rendered":"Dietetics Parapharmacy"},"content":{"rendered":"<p>[et_pb_section fb_built=\u00bb1&#8243; _builder_version=\u00bb3.0.47&#8243;][et_pb_row _builder_version=\u00bb3.0.47&#8243; background_size=\u00bbinitial\u00bb background_position=\u00bbtop_left\u00bb background_repeat=\u00bbrepeat\u00bb][et_pb_column type=\u00bb4_4&#8243; _builder_version=\u00bb3.0.89&#8243; parallax=\u00bboff\u00bb parallax_method=\u00bbon\u00bb][et_pb_text _builder_version=\u00bb3.0.89&#8243;]<\/p>\n<h2 style=\"text-align: center;\"><strong>Diet\u00e9tica, parafarmacia y otras especialidades del sector<\/strong><\/h2>\n<p><strong><\/strong><\/p>\n<p>VisualGest, in keeping with its business policy of providing its clients with the most appropriate management program for the fundamental characteristics of each sector, has developed a series of functions for establishments or chains of establishments of any size in the food sector such as: supermarkets, fruit shops, butcher shops, frozen foods, wine cellars, dietetics or any other similar specialty.<\/p>\n<p>VisualGest has based these functions as a sectoral configuration of the standard version, in order to provide maximum guarantees in its operation, as well as to always incorporate any technological advance in the shortest possible time, through our update policy.<\/p>\n<p>VisualGest has designed this sectorization so that it can be used very easily and quickly, using a keyboard, optical readers or touch screens (depending on each case and\/or section).<\/p>\n<p><strong>Main functions:<br \/><\/strong><\/p>\n<ul>\n<li>Quick sale of any item through barcode readers. Utilities such as code and number of units (12 bottles of milk).<\/li>\n<li>Quick sale via keyboard with short codes (or touch screen) for the most common items.<\/li>\n<li>Multiple barcodes per item. Fast item search, with or without touch screen.<\/li>\n<li>Sale of weighed items on the spot with cash scales: (self-service: fruit, olives, etc.).<\/li>\n<li>Sale of items from scales (item\/weight, section\/amount).<\/li>\n<li>Synchronization with scales (see models).<\/li>\n<li>Possibility of selling liquids in bulk<\/li>\n<li>Rapid price changes. Promotional prices and\/or discounts between dates. Pack sales.<\/li>\n<li>Issuance of item and shelf labels.<\/li>\n<li>Issuing quick tickets at the end of the sale. Sales at rest if necessary.<\/li>\n<li>Receiving and recording customer orders. Issuing invoices and\/or delivery notes for customers with open accounts.<\/li>\n<li>Summation of total items per sales document.<\/li>\n<li>Acceptance of as many payment methods as required for each sale\u2026<\/li>\n<li>Detailed cash counts by payment method.<\/li>\n<li>Quick reception of merchandise from a supplier (self-sales), central or another store.<\/li>\n<li>Capture inventory, replenishment orders or others, using portable terminals (optional).<\/li>\n<li>Emergency system in case of server failures. See final warning for some establishments.<\/li>\n<li>Management of control tape and incident recording.<\/li>\n<\/ul>\n<p><strong>Regardless of the sales management functions described above, VisualGest allows us to:<\/p>\n<p><\/strong><\/p>\n<ul>\n<li>Extensive purchasing management.<\/li>\n<li>Control of warehouse\/s and stock of any product.<\/li>\n<li>Lists and statistics of all activity: by items, families, between dates, etc.<\/li>\n<li>Optionally: more advanced sales information by time slots, days of the week, weeks, months, etc., as well as by payment methods or others.<\/li>\n<li>VisualGest can be installed both in individual establishments and in companies with several of them, either owned or franchised. For this purpose, VisualGest has a complete central management system with automated communications.<\/li>\n<\/ul>\n<p>[\/et_pb_text][\/et_pb_column][\/et_pb_row][\/et_pb_section]<\/p>","protected":false},"excerpt":{"rendered":"<p>Diet\u00e9tica, parafarmacia y otras especialidades del sector VisualGest, siguiendo con su pol\u00edtica empresarial de poner a la disposici\u00f3n de sus clientes el programa de gesti\u00f3n m\u00e1s apropiado a las caracter\u00edsticas fundamentales de cada sector, ha desarrollado una serie de funciones para establecimientos o cadenas de establecimientos de cualquier tama\u00f1o del sector alimenticio como: supermercados, fruter\u00edas, [&hellip;]<\/p>","protected":false},"author":1,"featured_media":0,"parent":0,"menu_order":0,"comment_status":"closed","ping_status":"closed","template":"","meta":{"_et_pb_use_builder":"on","_et_pb_old_content":"","_et_gb_content_width":"","footnotes":""},"class_list":["post-428","page","type-page","status-publish","hentry"],"yoast_head":"<!-- This site is optimized with the Yoast SEO plugin v25.5 - https:\/\/yoast.com\/wordpress\/plugins\/seo\/ -->\n<title>Diet\u00e9tica Parafarmacia - VisualGest - Soluciones software para el comercio y la pyme. Software ERP - TPV - POS<\/title>\n<meta name=\"robots\" content=\"index, follow, max-snippet:-1, max-image-preview:large, max-video-preview:-1\" \/>\n<link rel=\"canonical\" href=\"https:\/\/www.visualgest.com\/en\/dietetica-parafarmacia\/\" \/>\n<meta property=\"og:locale\" content=\"en_GB\" \/>\n<meta property=\"og:type\" content=\"article\" \/>\n<meta property=\"og:title\" content=\"Diet\u00e9tica Parafarmacia - VisualGest - Soluciones software para el comercio y la pyme. Software ERP - TPV - POS\" \/>\n<meta property=\"og:description\" content=\"Diet\u00e9tica, parafarmacia y otras especialidades del sector VisualGest, siguiendo con su pol\u00edtica empresarial de poner a la disposici\u00f3n de sus clientes el programa de gesti\u00f3n m\u00e1s apropiado a las caracter\u00edsticas fundamentales de cada sector, ha desarrollado una serie de funciones para establecimientos o cadenas de establecimientos de cualquier tama\u00f1o del sector alimenticio como: supermercados, fruter\u00edas, [&hellip;]\" \/>\n<meta property=\"og:url\" content=\"https:\/\/www.visualgest.com\/en\/dietetica-parafarmacia\/\" \/>\n<meta property=\"og:site_name\" content=\"VisualGest - Soluciones software para el comercio y la pyme. Software ERP - TPV - POS\" \/>\n<meta property=\"article:modified_time\" content=\"2017-12-18T10:51:33+00:00\" \/>\n<meta name=\"twitter:card\" content=\"summary_large_image\" \/>\n<meta name=\"twitter:label1\" content=\"Estimated reading time\" \/>\n\t<meta name=\"twitter:data1\" content=\"3 minutes\" \/>\n<script type=\"application\/ld+json\" class=\"yoast-schema-graph\">{\"@context\":\"https:\/\/schema.org\",\"@graph\":[{\"@type\":\"WebPage\",\"@id\":\"https:\/\/www.visualgest.com\/dietetica-parafarmacia\/\",\"url\":\"https:\/\/www.visualgest.com\/dietetica-parafarmacia\/\",\"name\":\"Diet\u00e9tica Parafarmacia - VisualGest - Soluciones software para el comercio y la pyme. Software ERP - TPV - POS\",\"isPartOf\":{\"@id\":\"https:\/\/www.visualgest.com\/#website\"},\"datePublished\":\"2017-12-18T10:50:59+00:00\",\"dateModified\":\"2017-12-18T10:51:33+00:00\",\"breadcrumb\":{\"@id\":\"https:\/\/www.visualgest.com\/dietetica-parafarmacia\/#breadcrumb\"},\"inLanguage\":\"en-GB\",\"potentialAction\":[{\"@type\":\"ReadAction\",\"target\":[\"https:\/\/www.visualgest.com\/dietetica-parafarmacia\/\"]}]},{\"@type\":\"BreadcrumbList\",\"@id\":\"https:\/\/www.visualgest.com\/dietetica-parafarmacia\/#breadcrumb\",\"itemListElement\":[{\"@type\":\"ListItem\",\"position\":1,\"name\":\"Portada\",\"item\":\"https:\/\/www.visualgest.com\/\"},{\"@type\":\"ListItem\",\"position\":2,\"name\":\"Diet\u00e9tica Parafarmacia\"}]},{\"@type\":\"WebSite\",\"@id\":\"https:\/\/www.visualgest.com\/#website\",\"url\":\"https:\/\/www.visualgest.com\/\",\"name\":\"VisualGest\",\"description\":\"Soluciones software para el comercio y la pyme. Software ERP - TPV - POS\",\"publisher\":{\"@id\":\"https:\/\/www.visualgest.com\/#organization\"},\"potentialAction\":[{\"@type\":\"SearchAction\",\"target\":{\"@type\":\"EntryPoint\",\"urlTemplate\":\"https:\/\/www.visualgest.com\/?s={search_term_string}\"},\"query-input\":{\"@type\":\"PropertyValueSpecification\",\"valueRequired\":true,\"valueName\":\"search_term_string\"}}],\"inLanguage\":\"en-GB\"},{\"@type\":\"Organization\",\"@id\":\"https:\/\/www.visualgest.com\/#organization\",\"name\":\"VisualGest software, S.L.\",\"url\":\"https:\/\/www.visualgest.com\/\",\"logo\":{\"@type\":\"ImageObject\",\"inLanguage\":\"en-GB\",\"@id\":\"https:\/\/www.visualgest.com\/#\/schema\/logo\/image\/\",\"url\":\"https:\/\/www.visualgest.com\/wp-content\/uploads\/2017\/11\/LogoLineaErp.png\",\"contentUrl\":\"https:\/\/www.visualgest.com\/wp-content\/uploads\/2017\/11\/LogoLineaErp.png\",\"width\":282,\"height\":92,\"caption\":\"VisualGest software, S.L.\"},\"image\":{\"@id\":\"https:\/\/www.visualgest.com\/#\/schema\/logo\/image\/\"}}]}<\/script>\n<!-- \/ Yoast SEO plugin. -->","yoast_head_json":{"title":"Diet\u00e9tica Parafarmacia - VisualGest - Soluciones software para el comercio y la pyme. Software ERP - TPV - POS","robots":{"index":"index","follow":"follow","max-snippet":"max-snippet:-1","max-image-preview":"max-image-preview:large","max-video-preview":"max-video-preview:-1"},"canonical":"https:\/\/www.visualgest.com\/en\/dietetica-parafarmacia\/","og_locale":"en_GB","og_type":"article","og_title":"Diet\u00e9tica Parafarmacia - VisualGest - Soluciones software para el comercio y la pyme. Software ERP - TPV - POS","og_description":"Diet\u00e9tica, parafarmacia y otras especialidades del sector VisualGest, siguiendo con su pol\u00edtica empresarial de poner a la disposici\u00f3n de sus clientes el programa de gesti\u00f3n m\u00e1s apropiado a las caracter\u00edsticas fundamentales de cada sector, ha desarrollado una serie de funciones para establecimientos o cadenas de establecimientos de cualquier tama\u00f1o del sector alimenticio como: supermercados, fruter\u00edas, [&hellip;]","og_url":"https:\/\/www.visualgest.com\/en\/dietetica-parafarmacia\/","og_site_name":"VisualGest - Soluciones software para el comercio y la pyme. Software ERP - TPV - POS","article_modified_time":"2017-12-18T10:51:33+00:00","twitter_card":"summary_large_image","twitter_misc":{"Estimated reading time":"3 minutes"},"schema":{"@context":"https:\/\/schema.org","@graph":[{"@type":"WebPage","@id":"https:\/\/www.visualgest.com\/dietetica-parafarmacia\/","url":"https:\/\/www.visualgest.com\/dietetica-parafarmacia\/","name":"Diet\u00e9tica Parafarmacia - VisualGest - Soluciones software para el comercio y la pyme. Software ERP - TPV - POS","isPartOf":{"@id":"https:\/\/www.visualgest.com\/#website"},"datePublished":"2017-12-18T10:50:59+00:00","dateModified":"2017-12-18T10:51:33+00:00","breadcrumb":{"@id":"https:\/\/www.visualgest.com\/dietetica-parafarmacia\/#breadcrumb"},"inLanguage":"en-GB","potentialAction":[{"@type":"ReadAction","target":["https:\/\/www.visualgest.com\/dietetica-parafarmacia\/"]}]},{"@type":"BreadcrumbList","@id":"https:\/\/www.visualgest.com\/dietetica-parafarmacia\/#breadcrumb","itemListElement":[{"@type":"ListItem","position":1,"name":"Portada","item":"https:\/\/www.visualgest.com\/"},{"@type":"ListItem","position":2,"name":"Diet\u00e9tica Parafarmacia"}]},{"@type":"WebSite","@id":"https:\/\/www.visualgest.com\/#website","url":"https:\/\/www.visualgest.com\/","name":"VisualGest","description":"Soluciones software para el comercio y la pyme. Software ERP - TPV - POS","publisher":{"@id":"https:\/\/www.visualgest.com\/#organization"},"potentialAction":[{"@type":"SearchAction","target":{"@type":"EntryPoint","urlTemplate":"https:\/\/www.visualgest.com\/?s={search_term_string}"},"query-input":{"@type":"PropertyValueSpecification","valueRequired":true,"valueName":"search_term_string"}}],"inLanguage":"en-GB"},{"@type":"Organization","@id":"https:\/\/www.visualgest.com\/#organization","name":"VisualGest software, S.L.","url":"https:\/\/www.visualgest.com\/","logo":{"@type":"ImageObject","inLanguage":"en-GB","@id":"https:\/\/www.visualgest.com\/#\/schema\/logo\/image\/","url":"https:\/\/www.visualgest.com\/wp-content\/uploads\/2017\/11\/LogoLineaErp.png","contentUrl":"https:\/\/www.visualgest.com\/wp-content\/uploads\/2017\/11\/LogoLineaErp.png","width":282,"height":92,"caption":"VisualGest software, S.L."},"image":{"@id":"https:\/\/www.visualgest.com\/#\/schema\/logo\/image\/"}}]}},"_links":{"self":[{"href":"https:\/\/www.visualgest.com\/en\/wp-json\/wp\/v2\/pages\/428","targetHints":{"allow":["GET"]}}],"collection":[{"href":"https:\/\/www.visualgest.com\/en\/wp-json\/wp\/v2\/pages"}],"about":[{"href":"https:\/\/www.visualgest.com\/en\/wp-json\/wp\/v2\/types\/page"}],"author":[{"embeddable":true,"href":"https:\/\/www.visualgest.com\/en\/wp-json\/wp\/v2\/users\/1"}],"replies":[{"embeddable":true,"href":"https:\/\/www.visualgest.com\/en\/wp-json\/wp\/v2\/comments?post=428"}],"version-history":[{"count":0,"href":"https:\/\/www.visualgest.com\/en\/wp-json\/wp\/v2\/pages\/428\/revisions"}],"wp:attachment":[{"href":"https:\/\/www.visualgest.com\/en\/wp-json\/wp\/v2\/media?parent=428"}],"curies":[{"name":"wp","href":"https:\/\/api.w.org\/{rel}","templated":true}]}}