{"id":414,"date":"2017-12-18T10:20:45","date_gmt":"2017-12-18T10:20:45","guid":{"rendered":"http:\/\/www.visualgest.com\/?page_id=414"},"modified":"2019-11-15T08:08:58","modified_gmt":"2019-11-15T08:08:58","slug":"tintorerias","status":"publish","type":"page","link":"https:\/\/www.visualgest.com\/en\/tintorerias\/","title":{"rendered":"Dry Cleaners"},"content":{"rendered":"<p>[et_pb_section fb_built=\u00bb1&#8243; _builder_version=\u00bb3.0.47&#8243;][et_pb_row _builder_version=\u00bb3.0.47&#8243; background_size=\u00bbinitial\u00bb background_position=\u00bbtop_left\u00bb background_repeat=\u00bbrepeat\u00bb][et_pb_column type=\u00bb4_4&#8243; _builder_version=\u00bb3.0.89&#8243; parallax=\u00bboff\u00bb parallax_method=\u00bbon\u00bb][et_pb_text _builder_version=\u00bb3.0.89&#8243;]<\/p>\n<h2 style=\"text-align: center;\"><strong>Dry cleaners, clothing repairs, laundries and similar<\/strong><\/h2>\n<p>&nbsp;<\/p>\n<p>VisualGest, in keeping with its business policy of providing its clients with the most appropriate management program for the fundamental characteristics of each sector, has developed a series of functions for establishments or chains of establishments in the dry cleaning, clothing repair, laundry or related sectors.<\/p>\n<p>VisualGest has based these functions as a sectoral configuration of the standard version, in order to provide maximum guarantees in its operation, as well as to always incorporate any technological advance in the shortest possible time, through our update policy.<\/p>\n<p>VisualGest has designed this sectorization so that it can be used in a very easy and fast way, by keyboard or through touch screens (highly recommended), and optical readers (optional). Its main functions are:<\/p>\n<ul>\n<li>Note on garments received, type of service per garment, type of finish, color, or any other comment you wish (\"oil stains, tears,...\").<\/li>\n<li>Possibility of controlling composite garments (example, suit consisting of trousers and jacket).<\/li>\n<li>Indication of delivery date (for specific dates or for n days).<\/li>\n<li>Optional annotation of the client's name and details.<\/li>\n<li>Sum of total garments ordered.<\/li>\n<li>Making as many labels as garments or sub-garments received.<\/li>\n<li>Collections on account or in full upon receipt.<\/li>\n<li>Issuance of duplicate ticket and receipt (establishment and customer) with: control number (optional barcode), customer name\/address and telephone number, delivery date, details of garments, finishes, etc., as well as proof of partial or full payment.<\/li>\n<\/ul>\n<p>Upon delivery:<\/p>\n<ul>\n<li>Reading the barcode or manual of the ticket delivered to the reception.<\/li>\n<li>Presentation of the order on screen (with its physical location, if noted at the end of the last process).<\/li>\n<li>Full or partial delivery (issuance of a new receipt, if partial).<\/li>\n<li>Full or partial collection (remainder), depending on whether you opted to receive it.<\/li>\n<\/ul>\n<p>Regardless of the collection and delivery functions described above, VisualGest allows us to:<\/p>\n<ul>\n<li>Sale of other products associated with the sector (dyes, buttons, etc.).<\/li>\n<li>Access to documents and their status from any terminal, if applicable.<\/li>\n<li>Lists of pending orders (receptions) by number, receipt date, expected delivery date (workload) and client.<\/li>\n<li>Control of garments delivered to third parties (carpets, furs, etc.).<\/li>\n<li>Convenient and quick search for orders or any other information on the screen.<\/li>\n<li>Consult service history for any claim or other needs.<\/li>\n<li>Cash reconciliations, collections and payments on account, customer balances.<\/li>\n<li>Sales statistics for different services, products, customers, etc.<\/li>\n<li>Extensive management of purchases of materials to be used and\/or complementary items for sale.<\/li>\n<li>Warehouse control, stock.<\/li>\n<li>Control tape management.<\/li>\n<li>Possibility of establishing control of consumption of materials per service performed.<\/li>\n<li>Management of special clients with billing by week, month, etc.<\/li>\n<li>VisualGest can be installed both in individual establishments and in companies with several of them, either owned or franchised. For this purpose, VisualGest has a complete central management system with automated communications.<\/li>\n<\/ul>\n<p>&nbsp;<\/p>\n<p>[\/et_pb_text][\/et_pb_column][\/et_pb_row][\/et_pb_section]<\/p>","protected":false},"excerpt":{"rendered":"<p>Tintorer\u00edas, arreglos de prendas de vestir, lavander\u00edas y similares &nbsp; VisualGest, siguiendo con su pol\u00edtica empresarial de poner a la disposici\u00f3n de sus clientes el programa de gesti\u00f3n m\u00e1s apropiado a las caracter\u00edsticas fundamentales de cada sector, ha desarrollado una serie de funciones para establecimientos o cadenas de establecimientos del sector de tintorer\u00edas, arreglos de [&hellip;]<\/p>","protected":false},"author":1,"featured_media":0,"parent":0,"menu_order":0,"comment_status":"closed","ping_status":"closed","template":"","meta":{"_et_pb_use_builder":"on","_et_pb_old_content":"","_et_gb_content_width":"","footnotes":""},"class_list":["post-414","page","type-page","status-publish","hentry"],"yoast_head":"<!-- This site is optimized with the Yoast SEO plugin v25.5 - https:\/\/yoast.com\/wordpress\/plugins\/seo\/ -->\n<title>Tintorer\u00edas - VisualGest - Soluciones software para el comercio y la pyme. Software ERP - TPV - POS<\/title>\n<meta name=\"robots\" content=\"index, follow, max-snippet:-1, max-image-preview:large, max-video-preview:-1\" \/>\n<link rel=\"canonical\" href=\"https:\/\/www.visualgest.com\/en\/tintorerias\/\" \/>\n<meta property=\"og:locale\" content=\"en_GB\" \/>\n<meta property=\"og:type\" content=\"article\" \/>\n<meta property=\"og:title\" content=\"Tintorer\u00edas - VisualGest - Soluciones software para el comercio y la pyme. Software ERP - TPV - POS\" \/>\n<meta property=\"og:description\" content=\"Tintorer\u00edas, arreglos de prendas de vestir, lavander\u00edas y similares &nbsp; VisualGest, siguiendo con su pol\u00edtica empresarial de poner a la disposici\u00f3n de sus clientes el programa de gesti\u00f3n m\u00e1s apropiado a las caracter\u00edsticas fundamentales de cada sector, ha desarrollado una serie de funciones para establecimientos o cadenas de establecimientos del sector de tintorer\u00edas, arreglos de [&hellip;]\" \/>\n<meta property=\"og:url\" content=\"https:\/\/www.visualgest.com\/en\/tintorerias\/\" \/>\n<meta property=\"og:site_name\" content=\"VisualGest - Soluciones software para el comercio y la pyme. Software ERP - TPV - POS\" \/>\n<meta property=\"article:modified_time\" content=\"2019-11-15T08:08:58+00:00\" \/>\n<meta name=\"twitter:card\" content=\"summary_large_image\" \/>\n<meta name=\"twitter:label1\" content=\"Estimated reading time\" \/>\n\t<meta name=\"twitter:data1\" content=\"3 minutes\" \/>\n<script type=\"application\/ld+json\" class=\"yoast-schema-graph\">{\"@context\":\"https:\/\/schema.org\",\"@graph\":[{\"@type\":\"WebPage\",\"@id\":\"https:\/\/www.visualgest.com\/tintorerias\/\",\"url\":\"https:\/\/www.visualgest.com\/tintorerias\/\",\"name\":\"Tintorer\u00edas - VisualGest - Soluciones software para el comercio y la pyme. Software ERP - TPV - POS\",\"isPartOf\":{\"@id\":\"https:\/\/www.visualgest.com\/#website\"},\"datePublished\":\"2017-12-18T10:20:45+00:00\",\"dateModified\":\"2019-11-15T08:08:58+00:00\",\"breadcrumb\":{\"@id\":\"https:\/\/www.visualgest.com\/tintorerias\/#breadcrumb\"},\"inLanguage\":\"en-GB\",\"potentialAction\":[{\"@type\":\"ReadAction\",\"target\":[\"https:\/\/www.visualgest.com\/tintorerias\/\"]}]},{\"@type\":\"BreadcrumbList\",\"@id\":\"https:\/\/www.visualgest.com\/tintorerias\/#breadcrumb\",\"itemListElement\":[{\"@type\":\"ListItem\",\"position\":1,\"name\":\"Portada\",\"item\":\"https:\/\/www.visualgest.com\/\"},{\"@type\":\"ListItem\",\"position\":2,\"name\":\"Tintorer\u00edas\"}]},{\"@type\":\"WebSite\",\"@id\":\"https:\/\/www.visualgest.com\/#website\",\"url\":\"https:\/\/www.visualgest.com\/\",\"name\":\"VisualGest\",\"description\":\"Soluciones software para el comercio y la pyme. Software ERP - TPV - POS\",\"publisher\":{\"@id\":\"https:\/\/www.visualgest.com\/#organization\"},\"potentialAction\":[{\"@type\":\"SearchAction\",\"target\":{\"@type\":\"EntryPoint\",\"urlTemplate\":\"https:\/\/www.visualgest.com\/?s={search_term_string}\"},\"query-input\":{\"@type\":\"PropertyValueSpecification\",\"valueRequired\":true,\"valueName\":\"search_term_string\"}}],\"inLanguage\":\"en-GB\"},{\"@type\":\"Organization\",\"@id\":\"https:\/\/www.visualgest.com\/#organization\",\"name\":\"VisualGest software, S.L.\",\"url\":\"https:\/\/www.visualgest.com\/\",\"logo\":{\"@type\":\"ImageObject\",\"inLanguage\":\"en-GB\",\"@id\":\"https:\/\/www.visualgest.com\/#\/schema\/logo\/image\/\",\"url\":\"https:\/\/www.visualgest.com\/wp-content\/uploads\/2017\/11\/LogoLineaErp.png\",\"contentUrl\":\"https:\/\/www.visualgest.com\/wp-content\/uploads\/2017\/11\/LogoLineaErp.png\",\"width\":282,\"height\":92,\"caption\":\"VisualGest software, S.L.\"},\"image\":{\"@id\":\"https:\/\/www.visualgest.com\/#\/schema\/logo\/image\/\"}}]}<\/script>\n<!-- \/ Yoast SEO plugin. -->","yoast_head_json":{"title":"Tintorer\u00edas - VisualGest - Soluciones software para el comercio y la pyme. Software ERP - TPV - POS","robots":{"index":"index","follow":"follow","max-snippet":"max-snippet:-1","max-image-preview":"max-image-preview:large","max-video-preview":"max-video-preview:-1"},"canonical":"https:\/\/www.visualgest.com\/en\/tintorerias\/","og_locale":"en_GB","og_type":"article","og_title":"Tintorer\u00edas - VisualGest - Soluciones software para el comercio y la pyme. Software ERP - TPV - POS","og_description":"Tintorer\u00edas, arreglos de prendas de vestir, lavander\u00edas y similares &nbsp; VisualGest, siguiendo con su pol\u00edtica empresarial de poner a la disposici\u00f3n de sus clientes el programa de gesti\u00f3n m\u00e1s apropiado a las caracter\u00edsticas fundamentales de cada sector, ha desarrollado una serie de funciones para establecimientos o cadenas de establecimientos del sector de tintorer\u00edas, arreglos de [&hellip;]","og_url":"https:\/\/www.visualgest.com\/en\/tintorerias\/","og_site_name":"VisualGest - Soluciones software para el comercio y la pyme. Software ERP - TPV - POS","article_modified_time":"2019-11-15T08:08:58+00:00","twitter_card":"summary_large_image","twitter_misc":{"Estimated reading time":"3 minutes"},"schema":{"@context":"https:\/\/schema.org","@graph":[{"@type":"WebPage","@id":"https:\/\/www.visualgest.com\/tintorerias\/","url":"https:\/\/www.visualgest.com\/tintorerias\/","name":"Tintorer\u00edas - VisualGest - Soluciones software para el comercio y la pyme. Software ERP - TPV - POS","isPartOf":{"@id":"https:\/\/www.visualgest.com\/#website"},"datePublished":"2017-12-18T10:20:45+00:00","dateModified":"2019-11-15T08:08:58+00:00","breadcrumb":{"@id":"https:\/\/www.visualgest.com\/tintorerias\/#breadcrumb"},"inLanguage":"en-GB","potentialAction":[{"@type":"ReadAction","target":["https:\/\/www.visualgest.com\/tintorerias\/"]}]},{"@type":"BreadcrumbList","@id":"https:\/\/www.visualgest.com\/tintorerias\/#breadcrumb","itemListElement":[{"@type":"ListItem","position":1,"name":"Portada","item":"https:\/\/www.visualgest.com\/"},{"@type":"ListItem","position":2,"name":"Tintorer\u00edas"}]},{"@type":"WebSite","@id":"https:\/\/www.visualgest.com\/#website","url":"https:\/\/www.visualgest.com\/","name":"VisualGest","description":"Soluciones software para el comercio y la pyme. Software ERP - TPV - POS","publisher":{"@id":"https:\/\/www.visualgest.com\/#organization"},"potentialAction":[{"@type":"SearchAction","target":{"@type":"EntryPoint","urlTemplate":"https:\/\/www.visualgest.com\/?s={search_term_string}"},"query-input":{"@type":"PropertyValueSpecification","valueRequired":true,"valueName":"search_term_string"}}],"inLanguage":"en-GB"},{"@type":"Organization","@id":"https:\/\/www.visualgest.com\/#organization","name":"VisualGest software, S.L.","url":"https:\/\/www.visualgest.com\/","logo":{"@type":"ImageObject","inLanguage":"en-GB","@id":"https:\/\/www.visualgest.com\/#\/schema\/logo\/image\/","url":"https:\/\/www.visualgest.com\/wp-content\/uploads\/2017\/11\/LogoLineaErp.png","contentUrl":"https:\/\/www.visualgest.com\/wp-content\/uploads\/2017\/11\/LogoLineaErp.png","width":282,"height":92,"caption":"VisualGest software, S.L."},"image":{"@id":"https:\/\/www.visualgest.com\/#\/schema\/logo\/image\/"}}]}},"_links":{"self":[{"href":"https:\/\/www.visualgest.com\/en\/wp-json\/wp\/v2\/pages\/414","targetHints":{"allow":["GET"]}}],"collection":[{"href":"https:\/\/www.visualgest.com\/en\/wp-json\/wp\/v2\/pages"}],"about":[{"href":"https:\/\/www.visualgest.com\/en\/wp-json\/wp\/v2\/types\/page"}],"author":[{"embeddable":true,"href":"https:\/\/www.visualgest.com\/en\/wp-json\/wp\/v2\/users\/1"}],"replies":[{"embeddable":true,"href":"https:\/\/www.visualgest.com\/en\/wp-json\/wp\/v2\/comments?post=414"}],"version-history":[{"count":0,"href":"https:\/\/www.visualgest.com\/en\/wp-json\/wp\/v2\/pages\/414\/revisions"}],"wp:attachment":[{"href":"https:\/\/www.visualgest.com\/en\/wp-json\/wp\/v2\/media?parent=414"}],"curies":[{"name":"wp","href":"https:\/\/api.w.org\/{rel}","templated":true}]}}