{"id":402,"date":"2017-12-18T09:42:45","date_gmt":"2017-12-18T09:42:45","guid":{"rendered":"http:\/\/www.visualgest.com\/?page_id=402"},"modified":"2017-12-18T15:14:53","modified_gmt":"2017-12-18T15:14:53","slug":"regalo-perfumerias","status":"publish","type":"page","link":"https:\/\/www.visualgest.com\/en\/regalo-perfumerias\/","title":{"rendered":"Regalo Perfumer\u00edas"},"content":{"rendered":"<p>[et_pb_section fb_built=\u00bb1&#8243; _builder_version=\u00bb3.0.47&#8243;][et_pb_row _builder_version=\u00bb3.0.47&#8243; background_size=\u00bbinitial\u00bb background_position=\u00bbtop_left\u00bb background_repeat=\u00bbrepeat\u00bb][et_pb_column type=\u00bb4_4&#8243; _builder_version=\u00bb3.0.47&#8243; parallax=\u00bboff\u00bb parallax_method=\u00bbon\u00bb][et_pb_text _builder_version=\u00bb3.0.89&#8243;]<\/p>\n<h2 style=\"text-align: center;\"><strong>Gift items, perfumeries, music and other specialties<\/strong><\/h2>\n<p>&nbsp;<\/p>\n<p>VisualGest, continuing with its business policy of making available to its clients the management program most appropriate to the fundamental characteristics of each sector, has developed a series of functions common to many retail establishments of different items such as: objects gifts, home, cosmetics, jewelry, stationery, music and sound, parapharmacy and other specialized stores. VisualGest has based these functions, as a sectoral configuration of the standard version, in order to provide maximum guarantees in its operation, as well as to always incorporate any technological advance in the shortest possible time, through our update policy. VisualGest has designed this sectorialization, so that it can be used in a very easy and fast way, by keyboard or through touch screens (highly recommended) and optical readers.<\/p>\n<p><strong>Main functions:<\/strong><\/p>\n<ul>\n<li>Quick sale through barcode of any item.<\/li>\n<li>Quick sale of possible common items, by keyboard or touch screen.<\/li>\n<li>Sales at rest. Possibility of serving several customers at the same time.<\/li>\n<li>Access to documents from any terminal.<\/li>\n<li>Management of various orders, with recording of all required client data.<\/li>\n<li>Amounts on account. Modifications, cancellations, extensions.<\/li>\n<li>Labels for orders.<\/li>\n<li>Item identification by multi-code (supplier barcode, own, others\u2026).<\/li>\n<li>Search for articles by any field.<\/li>\n<li>Sale of promotional packs and lots,\u2026<\/li>\n<li>Exchanges and returns. Return vouchers. Voucher voucher.<\/li>\n<li>Issuing tickets, invoices and\/or delivery notes for customers with an open account.<\/li>\n<li>Automatic replenishment orders based on consumption.<\/li>\n<li>Sum of total units delivered per sales document.<\/li>\n<li>Acceptance of as many payment methods as required for each sale.<\/li>\n<li>Detailed cash counts by payment method. Collections and payments by cash register.<\/li>\n<li>Sales by employees, by line or total ticket.<\/li>\n<li>Possibility of recording dates and times of entry\/exit of collaborators.<\/li>\n<li>Receiving merchandise from a supplier and, if applicable, from a central or other store.<\/li>\n<li>Management of control tape and incident recording.<\/li>\n<\/ul>\n<p><strong>Regardless of the sales management functions described above, VisualGest allows us to:<\/strong><\/p>\n<ul>\n<li>Extensive purchasing management.<\/li>\n<li>Warehouse control with detailed movement history.<\/li>\n<li>Total or rotating inventories. Option of portable readers.<\/li>\n<li>Lists and statistics of all activity: by items, clients, etc.<\/li>\n<li>Automatic labels based on merchandise receipts (with or without barcode).<\/li>\n<li>Massive price changes and label reprints. Shelf labels.<\/li>\n<\/ul>\n<p><strong>Other optional possibilities are:<\/strong><\/p>\n<p>&nbsp;<\/p>\n<ul>\n<li>Information on sales by time slot, day of the week, week, month, etc., as well as by payment method or other.<\/li>\n<li>Customer loyalty cards based on consumption or other marketing actions (please consult).<\/li>\n<li>Serial numbers for items that need to be controlled piece by piece.<\/li>\n<li>VisualGest can be installed both in individual establishments and in companies with several of them, either owned or franchised. For this purpose, VisualGest has a complete central management system with automated communications.<\/li>\n<\/ul>\n<p>[\/et_pb_text][\/et_pb_column][\/et_pb_row][\/et_pb_section]<\/p>","protected":false},"excerpt":{"rendered":"<p>Objetos de regalo, perfumer\u00edas, m\u00fasica y otras especialidades &nbsp; VisualGest, siguiendo con su pol\u00edtica empresarial de poner a la disposici\u00f3n de sus clientes el programa de gesti\u00f3n m\u00e1s apropiado a las caracter\u00edsticas fundamentales de cada sector, ha desarrollado una serie de funciones comunes a muchos establecimientos de venta al p\u00fablico de distintos de art\u00edculos como: [&hellip;]<\/p>","protected":false},"author":1,"featured_media":0,"parent":0,"menu_order":0,"comment_status":"closed","ping_status":"closed","template":"","meta":{"_et_pb_use_builder":"on","_et_pb_old_content":"","_et_gb_content_width":"","footnotes":""},"class_list":["post-402","page","type-page","status-publish","hentry"],"yoast_head":"<!-- This site is optimized with the Yoast SEO plugin v25.5 - https:\/\/yoast.com\/wordpress\/plugins\/seo\/ -->\n<title>Regalo Perfumer\u00edas - VisualGest - Soluciones software para el comercio y la pyme. Software ERP - TPV - POS<\/title>\n<meta name=\"robots\" content=\"index, follow, max-snippet:-1, max-image-preview:large, max-video-preview:-1\" \/>\n<link rel=\"canonical\" href=\"https:\/\/www.visualgest.com\/en\/regalo-perfumerias\/\" \/>\n<meta property=\"og:locale\" content=\"en_GB\" \/>\n<meta property=\"og:type\" content=\"article\" \/>\n<meta property=\"og:title\" content=\"Regalo Perfumer\u00edas - VisualGest - Soluciones software para el comercio y la pyme. Software ERP - TPV - POS\" \/>\n<meta property=\"og:description\" content=\"Objetos de regalo, perfumer\u00edas, m\u00fasica y otras especialidades &nbsp; VisualGest, siguiendo con su pol\u00edtica empresarial de poner a la disposici\u00f3n de sus clientes el programa de gesti\u00f3n m\u00e1s apropiado a las caracter\u00edsticas fundamentales de cada sector, ha desarrollado una serie de funciones comunes a muchos establecimientos de venta al p\u00fablico de distintos de art\u00edculos como: [&hellip;]\" \/>\n<meta property=\"og:url\" content=\"https:\/\/www.visualgest.com\/en\/regalo-perfumerias\/\" \/>\n<meta property=\"og:site_name\" content=\"VisualGest - Soluciones software para el comercio y la pyme. Software ERP - TPV - POS\" \/>\n<meta property=\"article:modified_time\" content=\"2017-12-18T15:14:53+00:00\" \/>\n<meta name=\"twitter:card\" content=\"summary_large_image\" \/>\n<meta name=\"twitter:label1\" content=\"Estimated reading time\" \/>\n\t<meta name=\"twitter:data1\" content=\"3 minutes\" \/>\n<script type=\"application\/ld+json\" class=\"yoast-schema-graph\">{\"@context\":\"https:\/\/schema.org\",\"@graph\":[{\"@type\":\"WebPage\",\"@id\":\"https:\/\/www.visualgest.com\/regalo-perfumerias\/\",\"url\":\"https:\/\/www.visualgest.com\/regalo-perfumerias\/\",\"name\":\"Regalo Perfumer\u00edas - VisualGest - Soluciones software para el comercio y la pyme. Software ERP - TPV - POS\",\"isPartOf\":{\"@id\":\"https:\/\/www.visualgest.com\/#website\"},\"datePublished\":\"2017-12-18T09:42:45+00:00\",\"dateModified\":\"2017-12-18T15:14:53+00:00\",\"breadcrumb\":{\"@id\":\"https:\/\/www.visualgest.com\/regalo-perfumerias\/#breadcrumb\"},\"inLanguage\":\"en-GB\",\"potentialAction\":[{\"@type\":\"ReadAction\",\"target\":[\"https:\/\/www.visualgest.com\/regalo-perfumerias\/\"]}]},{\"@type\":\"BreadcrumbList\",\"@id\":\"https:\/\/www.visualgest.com\/regalo-perfumerias\/#breadcrumb\",\"itemListElement\":[{\"@type\":\"ListItem\",\"position\":1,\"name\":\"Portada\",\"item\":\"https:\/\/www.visualgest.com\/\"},{\"@type\":\"ListItem\",\"position\":2,\"name\":\"Regalo Perfumer\u00edas\"}]},{\"@type\":\"WebSite\",\"@id\":\"https:\/\/www.visualgest.com\/#website\",\"url\":\"https:\/\/www.visualgest.com\/\",\"name\":\"VisualGest\",\"description\":\"Soluciones software para el comercio y la pyme. Software ERP - TPV - POS\",\"publisher\":{\"@id\":\"https:\/\/www.visualgest.com\/#organization\"},\"potentialAction\":[{\"@type\":\"SearchAction\",\"target\":{\"@type\":\"EntryPoint\",\"urlTemplate\":\"https:\/\/www.visualgest.com\/?s={search_term_string}\"},\"query-input\":{\"@type\":\"PropertyValueSpecification\",\"valueRequired\":true,\"valueName\":\"search_term_string\"}}],\"inLanguage\":\"en-GB\"},{\"@type\":\"Organization\",\"@id\":\"https:\/\/www.visualgest.com\/#organization\",\"name\":\"VisualGest software, S.L.\",\"url\":\"https:\/\/www.visualgest.com\/\",\"logo\":{\"@type\":\"ImageObject\",\"inLanguage\":\"en-GB\",\"@id\":\"https:\/\/www.visualgest.com\/#\/schema\/logo\/image\/\",\"url\":\"https:\/\/www.visualgest.com\/wp-content\/uploads\/2017\/11\/LogoLineaErp.png\",\"contentUrl\":\"https:\/\/www.visualgest.com\/wp-content\/uploads\/2017\/11\/LogoLineaErp.png\",\"width\":282,\"height\":92,\"caption\":\"VisualGest software, S.L.\"},\"image\":{\"@id\":\"https:\/\/www.visualgest.com\/#\/schema\/logo\/image\/\"}}]}<\/script>\n<!-- \/ Yoast SEO plugin. -->","yoast_head_json":{"title":"Regalo Perfumer\u00edas - VisualGest - Soluciones software para el comercio y la pyme. Software ERP - TPV - POS","robots":{"index":"index","follow":"follow","max-snippet":"max-snippet:-1","max-image-preview":"max-image-preview:large","max-video-preview":"max-video-preview:-1"},"canonical":"https:\/\/www.visualgest.com\/en\/regalo-perfumerias\/","og_locale":"en_GB","og_type":"article","og_title":"Regalo Perfumer\u00edas - VisualGest - Soluciones software para el comercio y la pyme. Software ERP - TPV - POS","og_description":"Objetos de regalo, perfumer\u00edas, m\u00fasica y otras especialidades &nbsp; VisualGest, siguiendo con su pol\u00edtica empresarial de poner a la disposici\u00f3n de sus clientes el programa de gesti\u00f3n m\u00e1s apropiado a las caracter\u00edsticas fundamentales de cada sector, ha desarrollado una serie de funciones comunes a muchos establecimientos de venta al p\u00fablico de distintos de art\u00edculos como: [&hellip;]","og_url":"https:\/\/www.visualgest.com\/en\/regalo-perfumerias\/","og_site_name":"VisualGest - Soluciones software para el comercio y la pyme. Software ERP - TPV - POS","article_modified_time":"2017-12-18T15:14:53+00:00","twitter_card":"summary_large_image","twitter_misc":{"Estimated reading time":"3 minutes"},"schema":{"@context":"https:\/\/schema.org","@graph":[{"@type":"WebPage","@id":"https:\/\/www.visualgest.com\/regalo-perfumerias\/","url":"https:\/\/www.visualgest.com\/regalo-perfumerias\/","name":"Regalo Perfumer\u00edas - VisualGest - Soluciones software para el comercio y la pyme. Software ERP - TPV - POS","isPartOf":{"@id":"https:\/\/www.visualgest.com\/#website"},"datePublished":"2017-12-18T09:42:45+00:00","dateModified":"2017-12-18T15:14:53+00:00","breadcrumb":{"@id":"https:\/\/www.visualgest.com\/regalo-perfumerias\/#breadcrumb"},"inLanguage":"en-GB","potentialAction":[{"@type":"ReadAction","target":["https:\/\/www.visualgest.com\/regalo-perfumerias\/"]}]},{"@type":"BreadcrumbList","@id":"https:\/\/www.visualgest.com\/regalo-perfumerias\/#breadcrumb","itemListElement":[{"@type":"ListItem","position":1,"name":"Portada","item":"https:\/\/www.visualgest.com\/"},{"@type":"ListItem","position":2,"name":"Regalo Perfumer\u00edas"}]},{"@type":"WebSite","@id":"https:\/\/www.visualgest.com\/#website","url":"https:\/\/www.visualgest.com\/","name":"VisualGest","description":"Soluciones software para el comercio y la pyme. Software ERP - TPV - POS","publisher":{"@id":"https:\/\/www.visualgest.com\/#organization"},"potentialAction":[{"@type":"SearchAction","target":{"@type":"EntryPoint","urlTemplate":"https:\/\/www.visualgest.com\/?s={search_term_string}"},"query-input":{"@type":"PropertyValueSpecification","valueRequired":true,"valueName":"search_term_string"}}],"inLanguage":"en-GB"},{"@type":"Organization","@id":"https:\/\/www.visualgest.com\/#organization","name":"VisualGest software, S.L.","url":"https:\/\/www.visualgest.com\/","logo":{"@type":"ImageObject","inLanguage":"en-GB","@id":"https:\/\/www.visualgest.com\/#\/schema\/logo\/image\/","url":"https:\/\/www.visualgest.com\/wp-content\/uploads\/2017\/11\/LogoLineaErp.png","contentUrl":"https:\/\/www.visualgest.com\/wp-content\/uploads\/2017\/11\/LogoLineaErp.png","width":282,"height":92,"caption":"VisualGest software, S.L."},"image":{"@id":"https:\/\/www.visualgest.com\/#\/schema\/logo\/image\/"}}]}},"_links":{"self":[{"href":"https:\/\/www.visualgest.com\/en\/wp-json\/wp\/v2\/pages\/402","targetHints":{"allow":["GET"]}}],"collection":[{"href":"https:\/\/www.visualgest.com\/en\/wp-json\/wp\/v2\/pages"}],"about":[{"href":"https:\/\/www.visualgest.com\/en\/wp-json\/wp\/v2\/types\/page"}],"author":[{"embeddable":true,"href":"https:\/\/www.visualgest.com\/en\/wp-json\/wp\/v2\/users\/1"}],"replies":[{"embeddable":true,"href":"https:\/\/www.visualgest.com\/en\/wp-json\/wp\/v2\/comments?post=402"}],"version-history":[{"count":0,"href":"https:\/\/www.visualgest.com\/en\/wp-json\/wp\/v2\/pages\/402\/revisions"}],"wp:attachment":[{"href":"https:\/\/www.visualgest.com\/en\/wp-json\/wp\/v2\/media?parent=402"}],"curies":[{"name":"wp","href":"https:\/\/api.w.org\/{rel}","templated":true}]}}