{"id":258,"date":"2017-12-13T08:25:34","date_gmt":"2017-12-13T08:25:34","guid":{"rendered":"http:\/\/www.visualgest.com\/?page_id=258"},"modified":"2017-12-18T15:06:21","modified_gmt":"2017-12-18T15:06:21","slug":"retail","status":"publish","type":"page","link":"https:\/\/www.visualgest.com\/en\/retail\/","title":{"rendered":"Retail"},"content":{"rendered":"<p>[et_pb_section fb_built=\u00bb1&#8243; _builder_version=\u00bb3.0.89&#8243; custom_padding=\u00bb50px|0px|0px|0px\u00bb][et_pb_row _builder_version=\u00bb3.0.89&#8243;][et_pb_column type=\u00bb4_4&#8243; _builder_version=\u00bb3.0.89&#8243; parallax=\u00bboff\u00bb parallax_method=\u00bbon\u00bb][et_pb_text _builder_version=\u00bb3.0.89&#8243;]<\/p>\n<h1 style=\"text-align: center;\"><\/h1>\n<p style=\"text-align: left;\">Es de suponer que unas grandes herramientas de an\u00e1lisis ser\u00edan in\u00fatiles sin un buen sistema de comunicaciones. VisualGest, debido a la gran experiencia en a\u00f1os y clientes informatizados complementa el circuito con gran eficacia al respecto. mediato,&#8230; <br \/>Al implantar VisualGest nos beneficiaremos de herramientas de controlling empresarial las cuales nos proporcionar\u00e1n los datos necesarios de una forma optimizada y reducida en lo esencial.<\/p>\n<p>[\/et_pb_text][\/et_pb_column][\/et_pb_row][\/et_pb_section][et_pb_section fb_built=\u00bb1&#8243; _builder_version=\u00bb3.0.89&#8243; custom_padding=\u00bb0px|0px|0px|0px\u00bb][et_pb_row custom_padding=\u00bb27px|0px|60px|0px\u00bb _builder_version=\u00bb3.0.47&#8243; background_size=\u00bbinitial\u00bb background_position=\u00bbtop_left\u00bb background_repeat=\u00bbrepeat\u00bb][et_pb_column type=\u00bb1_4&#8243; _builder_version=\u00bb3.0.47&#8243; parallax=\u00bboff\u00bb parallax_method=\u00bbon\u00bb][et_pb_blurb url_new_window=\u00bbon\u00bb use_icon=\u00bbon\u00bb font_icon=\u00bb%%97%%\u00bb icon_color=\u00bb#a8a8a8&#8243; use_circle=\u00bbon\u00bb circle_color=\u00bb#ffffff\u00bb use_circle_border=\u00bbon\u00bb circle_border_color=\u00bb#e0e0e0&#8243; admin_label=\u00bbBlurb\u00bb _builder_version=\u00bb3.0.89&#8243; background_size=\u00bbinitial\u00bb background_position=\u00bbtop_left\u00bb background_repeat=\u00bbrepeat\u00bb text_orientation=\u00bbcenter\u00bb][\/et_pb_blurb][\/et_pb_column][et_pb_column type=\u00bb3_4&#8243; _builder_version=\u00bb3.0.47&#8243; parallax=\u00bboff\u00bb parallax_method=\u00bbon\u00bb][et_pb_text _builder_version=\u00bb3.0.89&#8243;]<\/p>\n<p style=\"text-align: justify;\"><strong>Communications<\/strong><\/p>\n<p style=\"text-align: justify;\">Es de suponer que unas grandes herramientas de an\u00e1lisis ser\u00edan in\u00fatiles sin un buen sistema de comunicaciones. VisualGest, debido a la gran experiencia en a\u00f1os y clientes informatizados complementa el circuito con gran eficacia al respecto. mediato,&#8230; <br \/>Al implantar VisualGest nos beneficiaremos de herramientas de controlling empresarial las cuales nos proporcionar\u00e1n los datos necesarios de una forma optimizada y reducida en lo esencial.<\/p>\n<p>[\/et_pb_text][\/et_pb_column][\/et_pb_row][et_pb_row custom_padding=\u00bb27px|0px|60px|0px\u00bb _builder_version=\u00bb3.0.47&#8243; background_size=\u00bbinitial\u00bb background_position=\u00bbtop_left\u00bb background_repeat=\u00bbrepeat\u00bb][et_pb_column type=\u00bb1_4&#8243; _builder_version=\u00bb3.0.47&#8243; parallax=\u00bboff\u00bb parallax_method=\u00bbon\u00bb][et_pb_blurb url_new_window=\u00bbon\u00bb use_icon=\u00bbon\u00bb font_icon=\u00bb%%176%%\u00bb icon_color=\u00bb#a8a8a8&#8243; use_circle=\u00bbon\u00bb circle_color=\u00bb#ffffff\u00bb use_circle_border=\u00bbon\u00bb circle_border_color=\u00bb#e0e0e0&#8243; admin_label=\u00bbBlurb\u00bb _builder_version=\u00bb3.0.89&#8243; background_size=\u00bbinitial\u00bb background_position=\u00bbtop_left\u00bb background_repeat=\u00bbrepeat\u00bb text_orientation=\u00bbcenter\u00bb][\/et_pb_blurb][\/et_pb_column][et_pb_column type=\u00bb3_4&#8243; _builder_version=\u00bb3.0.47&#8243; parallax=\u00bboff\u00bb parallax_method=\u00bbon\u00bb][et_pb_text _builder_version=\u00bb3.0.89&#8243;]<\/p>\n<p style=\"text-align: justify;\"><strong>Tienda propia o franquiciada<\/strong><\/p>\n<p style=\"text-align: justify;\">VisualGest TPV est\u00e1 concebido para funcionar con la sencillez de una caja registradora, junto a las m\u00e1ximas posibilidades funcionales de un PC, lo que proporciona una gran agilidad en los comercios y m\u00e1s teniendo en cuenta que debe ser utilizado por muchas personas que no est\u00e1n acostumbradas al manejo de equipos inform\u00e1ticos. Robustez, tecnolog\u00eda y facilidad de uso.<br \/>VisualGest soporta estructuras de tiendas propias y franquiciadas o cadenas mixtas en la que coexistan propias y franquiciadas. Dispone un sistema de informaci\u00f3n de Retail extremadamente avanzado en el que le ayudar\u00e1 en la toma de decisiones (dss) sin preocuparle la distancia entre sus diferentes centros o tiendas. Nos encontraremos por ejemplo, diversos m\u00e9todos de an\u00e1lisis del cliente, fidelizaci\u00f3n, lealtad, consumo inmediato,&#8230;<\/p>\n<p>[\/et_pb_text][\/et_pb_column][\/et_pb_row][et_pb_row custom_padding=\u00bb27px|0px|60px|0px\u00bb _builder_version=\u00bb3.0.47&#8243; background_size=\u00bbinitial\u00bb background_position=\u00bbtop_left\u00bb background_repeat=\u00bbrepeat\u00bb][et_pb_column type=\u00bb1_4&#8243; _builder_version=\u00bb3.0.47&#8243; parallax=\u00bboff\u00bb parallax_method=\u00bbon\u00bb][et_pb_blurb url_new_window=\u00bbon\u00bb use_icon=\u00bbon\u00bb font_icon=\u00bb%%169%%\u00bb icon_color=\u00bb#a8a8a8&#8243; use_circle=\u00bbon\u00bb circle_color=\u00bb#ffffff\u00bb use_circle_border=\u00bbon\u00bb circle_border_color=\u00bb#e0e0e0&#8243; admin_label=\u00bbBlurb\u00bb _builder_version=\u00bb3.0.89&#8243; background_size=\u00bbinitial\u00bb background_position=\u00bbtop_left\u00bb background_repeat=\u00bbrepeat\u00bb text_orientation=\u00bbcenter\u00bb][\/et_pb_blurb][\/et_pb_column][et_pb_column type=\u00bb3_4&#8243; _builder_version=\u00bb3.0.47&#8243; parallax=\u00bboff\u00bb parallax_method=\u00bbon\u00bb][et_pb_text _builder_version=\u00bb3.0.89&#8243;]<\/p>\n<p style=\"text-align: justify;\"><strong>Advantages<\/strong><\/p>\n<p>En el entorno VisualGest, los procesos empresarial se transforman en una red de informaci\u00f3n compartida, accesible a todos, conectando a todos los que trabajan para alcanzar los mismos objetivos. Incluyendo con ello las personas externas a la organizaci\u00f3n, ya que el sistema VisualGest establece una relaci\u00f3n estable con sus clientes, proveedores, y partners independientemente de su ubicaci\u00f3n. Cada decisi\u00f3n ser\u00e1 siempre confirmada por una visi\u00f3n clara y exhaustiva de las condiciones y de las relaciones que la determinan. VisualGest permite a las peque\u00f1as y medianas empresas, que hoy en d\u00eda tienen la gran oportunidad de competir al mismo nivel en una \u00f3ptica global con realidades de mayor alcance, atravesar los confines de sus mercados tradicionales con eficacia organizativa, flexibilidad de respuesta, conectividad total y gran capacidad de comunicaci\u00f3n.<br \/>Your VisualGest business solution<br \/>It is a simple and easy-to-install solution that adapts to any type of company or business. It is multi-user, multi-company, multi-warehouse and fully customizable according to the type of business.<\/p>\n<p>Developed with Microsoft VB, it incorporates the latest technologies on the market in the development of applications in a graphical environment and uses standard relational database systems (Access, SQL, etc.) as support for information, being fully compatible with Microsoft Office and similar products, so useful for specific analysis and reports, correspondence and mailings to clients, suppliers, etc.<\/p>\n<p>Its powerful administrator guarantees the levels of security and accessibility for users. Composed of different modules that integrate and complement each other, its totally open architecture fully respects the design philosophy and operating standards of Windows applications, as well as their integration into the Internet.<\/p>\n<p>Within the VisualGest business division, it is made up of basic programs that are complemented by different optional modules depending on the needs of each client.<\/p>\n<p>[\/et_pb_text][\/et_pb_column][\/et_pb_row][\/et_pb_section]<\/p>","protected":false},"excerpt":{"rendered":"<p>Es de suponer que unas grandes herramientas de an\u00e1lisis ser\u00edan in\u00fatiles sin un buen sistema de comunicaciones. VisualGest, debido a la gran experiencia en a\u00f1os y clientes informatizados complementa el circuito con gran eficacia al respecto. mediato,&#8230; Al implantar VisualGest nos beneficiaremos de herramientas de controlling empresarial las cuales nos proporcionar\u00e1n los datos necesarios de [&hellip;]<\/p>","protected":false},"author":1,"featured_media":0,"parent":0,"menu_order":0,"comment_status":"closed","ping_status":"closed","template":"","meta":{"_et_pb_use_builder":"on","_et_pb_old_content":"","_et_gb_content_width":"","footnotes":""},"class_list":["post-258","page","type-page","status-publish","hentry"],"yoast_head":"<!-- This site is optimized with the Yoast SEO plugin v25.5 - https:\/\/yoast.com\/wordpress\/plugins\/seo\/ -->\n<title>Retail - VisualGest - Soluciones software para el comercio y la pyme. Software ERP - TPV - POS<\/title>\n<meta name=\"robots\" content=\"index, follow, max-snippet:-1, max-image-preview:large, max-video-preview:-1\" \/>\n<link rel=\"canonical\" href=\"https:\/\/www.visualgest.com\/en\/retail\/\" \/>\n<meta property=\"og:locale\" content=\"en_GB\" \/>\n<meta property=\"og:type\" content=\"article\" \/>\n<meta property=\"og:title\" content=\"Retail - VisualGest - Soluciones software para el comercio y la pyme. Software ERP - TPV - POS\" \/>\n<meta property=\"og:description\" content=\"Es de suponer que unas grandes herramientas de an\u00e1lisis ser\u00edan in\u00fatiles sin un buen sistema de comunicaciones. VisualGest, debido a la gran experiencia en a\u00f1os y clientes informatizados complementa el circuito con gran eficacia al respecto. mediato,... Al implantar VisualGest nos beneficiaremos de herramientas de controlling empresarial las cuales nos proporcionar\u00e1n los datos necesarios de [&hellip;]\" \/>\n<meta property=\"og:url\" content=\"https:\/\/www.visualgest.com\/en\/retail\/\" \/>\n<meta property=\"og:site_name\" content=\"VisualGest - Soluciones software para el comercio y la pyme. Software ERP - TPV - POS\" \/>\n<meta property=\"article:modified_time\" content=\"2017-12-18T15:06:21+00:00\" \/>\n<meta name=\"twitter:card\" content=\"summary_large_image\" \/>\n<meta name=\"twitter:label1\" content=\"Estimated reading time\" \/>\n\t<meta name=\"twitter:data1\" content=\"5 minutes\" \/>\n<script type=\"application\/ld+json\" class=\"yoast-schema-graph\">{\"@context\":\"https:\/\/schema.org\",\"@graph\":[{\"@type\":\"WebPage\",\"@id\":\"https:\/\/www.visualgest.com\/retail\/\",\"url\":\"https:\/\/www.visualgest.com\/retail\/\",\"name\":\"Retail - VisualGest - Soluciones software para el comercio y la pyme. Software ERP - TPV - POS\",\"isPartOf\":{\"@id\":\"https:\/\/www.visualgest.com\/#website\"},\"datePublished\":\"2017-12-13T08:25:34+00:00\",\"dateModified\":\"2017-12-18T15:06:21+00:00\",\"breadcrumb\":{\"@id\":\"https:\/\/www.visualgest.com\/retail\/#breadcrumb\"},\"inLanguage\":\"en-GB\",\"potentialAction\":[{\"@type\":\"ReadAction\",\"target\":[\"https:\/\/www.visualgest.com\/retail\/\"]}]},{\"@type\":\"BreadcrumbList\",\"@id\":\"https:\/\/www.visualgest.com\/retail\/#breadcrumb\",\"itemListElement\":[{\"@type\":\"ListItem\",\"position\":1,\"name\":\"Portada\",\"item\":\"https:\/\/www.visualgest.com\/\"},{\"@type\":\"ListItem\",\"position\":2,\"name\":\"Retail\"}]},{\"@type\":\"WebSite\",\"@id\":\"https:\/\/www.visualgest.com\/#website\",\"url\":\"https:\/\/www.visualgest.com\/\",\"name\":\"VisualGest\",\"description\":\"Soluciones software para el comercio y la pyme. Software ERP - TPV - POS\",\"publisher\":{\"@id\":\"https:\/\/www.visualgest.com\/#organization\"},\"potentialAction\":[{\"@type\":\"SearchAction\",\"target\":{\"@type\":\"EntryPoint\",\"urlTemplate\":\"https:\/\/www.visualgest.com\/?s={search_term_string}\"},\"query-input\":{\"@type\":\"PropertyValueSpecification\",\"valueRequired\":true,\"valueName\":\"search_term_string\"}}],\"inLanguage\":\"en-GB\"},{\"@type\":\"Organization\",\"@id\":\"https:\/\/www.visualgest.com\/#organization\",\"name\":\"VisualGest software, S.L.\",\"url\":\"https:\/\/www.visualgest.com\/\",\"logo\":{\"@type\":\"ImageObject\",\"inLanguage\":\"en-GB\",\"@id\":\"https:\/\/www.visualgest.com\/#\/schema\/logo\/image\/\",\"url\":\"https:\/\/www.visualgest.com\/wp-content\/uploads\/2017\/11\/LogoLineaErp.png\",\"contentUrl\":\"https:\/\/www.visualgest.com\/wp-content\/uploads\/2017\/11\/LogoLineaErp.png\",\"width\":282,\"height\":92,\"caption\":\"VisualGest software, S.L.\"},\"image\":{\"@id\":\"https:\/\/www.visualgest.com\/#\/schema\/logo\/image\/\"}}]}<\/script>\n<!-- \/ Yoast SEO plugin. -->","yoast_head_json":{"title":"Retail - VisualGest - Soluciones software para el comercio y la pyme. Software ERP - TPV - POS","robots":{"index":"index","follow":"follow","max-snippet":"max-snippet:-1","max-image-preview":"max-image-preview:large","max-video-preview":"max-video-preview:-1"},"canonical":"https:\/\/www.visualgest.com\/en\/retail\/","og_locale":"en_GB","og_type":"article","og_title":"Retail - VisualGest - Soluciones software para el comercio y la pyme. Software ERP - TPV - POS","og_description":"Es de suponer que unas grandes herramientas de an\u00e1lisis ser\u00edan in\u00fatiles sin un buen sistema de comunicaciones. VisualGest, debido a la gran experiencia en a\u00f1os y clientes informatizados complementa el circuito con gran eficacia al respecto. mediato,... Al implantar VisualGest nos beneficiaremos de herramientas de controlling empresarial las cuales nos proporcionar\u00e1n los datos necesarios de [&hellip;]","og_url":"https:\/\/www.visualgest.com\/en\/retail\/","og_site_name":"VisualGest - Soluciones software para el comercio y la pyme. Software ERP - TPV - POS","article_modified_time":"2017-12-18T15:06:21+00:00","twitter_card":"summary_large_image","twitter_misc":{"Estimated reading time":"5 minutes"},"schema":{"@context":"https:\/\/schema.org","@graph":[{"@type":"WebPage","@id":"https:\/\/www.visualgest.com\/retail\/","url":"https:\/\/www.visualgest.com\/retail\/","name":"Retail - VisualGest - Soluciones software para el comercio y la pyme. Software ERP - TPV - POS","isPartOf":{"@id":"https:\/\/www.visualgest.com\/#website"},"datePublished":"2017-12-13T08:25:34+00:00","dateModified":"2017-12-18T15:06:21+00:00","breadcrumb":{"@id":"https:\/\/www.visualgest.com\/retail\/#breadcrumb"},"inLanguage":"en-GB","potentialAction":[{"@type":"ReadAction","target":["https:\/\/www.visualgest.com\/retail\/"]}]},{"@type":"BreadcrumbList","@id":"https:\/\/www.visualgest.com\/retail\/#breadcrumb","itemListElement":[{"@type":"ListItem","position":1,"name":"Portada","item":"https:\/\/www.visualgest.com\/"},{"@type":"ListItem","position":2,"name":"Retail"}]},{"@type":"WebSite","@id":"https:\/\/www.visualgest.com\/#website","url":"https:\/\/www.visualgest.com\/","name":"VisualGest","description":"Soluciones software para el comercio y la pyme. Software ERP - TPV - POS","publisher":{"@id":"https:\/\/www.visualgest.com\/#organization"},"potentialAction":[{"@type":"SearchAction","target":{"@type":"EntryPoint","urlTemplate":"https:\/\/www.visualgest.com\/?s={search_term_string}"},"query-input":{"@type":"PropertyValueSpecification","valueRequired":true,"valueName":"search_term_string"}}],"inLanguage":"en-GB"},{"@type":"Organization","@id":"https:\/\/www.visualgest.com\/#organization","name":"VisualGest software, S.L.","url":"https:\/\/www.visualgest.com\/","logo":{"@type":"ImageObject","inLanguage":"en-GB","@id":"https:\/\/www.visualgest.com\/#\/schema\/logo\/image\/","url":"https:\/\/www.visualgest.com\/wp-content\/uploads\/2017\/11\/LogoLineaErp.png","contentUrl":"https:\/\/www.visualgest.com\/wp-content\/uploads\/2017\/11\/LogoLineaErp.png","width":282,"height":92,"caption":"VisualGest software, S.L."},"image":{"@id":"https:\/\/www.visualgest.com\/#\/schema\/logo\/image\/"}}]}},"_links":{"self":[{"href":"https:\/\/www.visualgest.com\/en\/wp-json\/wp\/v2\/pages\/258","targetHints":{"allow":["GET"]}}],"collection":[{"href":"https:\/\/www.visualgest.com\/en\/wp-json\/wp\/v2\/pages"}],"about":[{"href":"https:\/\/www.visualgest.com\/en\/wp-json\/wp\/v2\/types\/page"}],"author":[{"embeddable":true,"href":"https:\/\/www.visualgest.com\/en\/wp-json\/wp\/v2\/users\/1"}],"replies":[{"embeddable":true,"href":"https:\/\/www.visualgest.com\/en\/wp-json\/wp\/v2\/comments?post=258"}],"version-history":[{"count":0,"href":"https:\/\/www.visualgest.com\/en\/wp-json\/wp\/v2\/pages\/258\/revisions"}],"wp:attachment":[{"href":"https:\/\/www.visualgest.com\/en\/wp-json\/wp\/v2\/media?parent=258"}],"curies":[{"name":"wp","href":"https:\/\/api.w.org\/{rel}","templated":true}]}}